{"id":19,"date":"2025-03-26T10:57:34","date_gmt":"2025-03-26T10:57:34","guid":{"rendered":"https:\/\/dmarzpro.com\/politica-de-cookies\/"},"modified":"2025-03-26T10:57:36","modified_gmt":"2025-03-26T10:57:36","slug":"politica-de-cookies","status":"publish","type":"page","link":"https:\/\/dmarzpro.com\/fr\/politica-de-cookies\/","title":{"rendered":"Politique relative aux cookies"},"content":{"rendered":"<div data-elementor-type=\"wp-page\" data-elementor-id=\"19\" class=\"elementor elementor-19\" data-elementor-post-type=\"page\">\n\t\t\t\t<div class=\"elementor-element elementor-element-77f7efb5 e-flex e-con-boxed e-con e-parent\" data-id=\"77f7efb5\" data-element_type=\"container\" data-e-type=\"container\" data-settings=\"{&quot;background_background&quot;:&quot;classic&quot;}\">\n\t\t\t\t\t<div class=\"e-con-inner\">\n\t\t<div class=\"elementor-element elementor-element-5469f8b6 e-con-full e-flex e-con e-child\" data-id=\"5469f8b6\" data-element_type=\"container\" data-e-type=\"container\">\n\t\t\t\t<div class=\"elementor-element elementor-element-6ddfafd1 elementor-widget__width-inherit elementor-widget elementor-widget-heading\" data-id=\"6ddfafd1\" data-element_type=\"widget\" data-e-type=\"widget\" data-widget_type=\"heading.default\">\n\t\t\t\t<div class=\"elementor-widget-container\">\n\t\t\t\t\t<h1 class=\"elementor-heading-title elementor-size-default\">Politique relative aux cookies<\/h1>\t\t\t\t<\/div>\n\t\t\t\t<\/div>\n\t\t\t\t<\/div>\n\t\t\t\t\t<\/div>\n\t\t\t\t<\/div>\n\t\t<div class=\"elementor-element elementor-element-6f5f01d5 e-flex e-con-boxed e-con e-parent\" data-id=\"6f5f01d5\" data-element_type=\"container\" data-e-type=\"container\">\n\t\t\t\t\t<div class=\"e-con-inner\">\n\t\t\t\t<div class=\"elementor-element elementor-element-7619b7dd elementor-widget elementor-widget-text-editor\" data-id=\"7619b7dd\" data-element_type=\"widget\" data-e-type=\"widget\" data-widget_type=\"text-editor.default\">\n\t\t\t\t<div class=\"elementor-widget-container\">\n\t\t\t\t\t\t\t\t\t<h3 class=\"wp-block-heading\">Section 1<\/h3><p>UN\u00a0<em>biscuit<\/em>\u00a0Les cookies sont de petits fichiers texte stock\u00e9s dans votre navigateur lorsque vous visitez presque tous les sites web. Ils servent \u00e0 m\u00e9moriser votre visite lorsque vous revenez sur le site. Les cookies stockent g\u00e9n\u00e9ralement des informations techniques, des pr\u00e9f\u00e9rences personnelles, la personnalisation du contenu, des statistiques d&#039;utilisation, des liens vers les r\u00e9seaux sociaux, l&#039;acc\u00e8s \u00e0 votre compte utilisateur, etc. Ils ont pour but d&#039;adapter le contenu du site web \u00e0 votre profil et \u00e0 vos besoins. Sans cookies, les services offerts par un site web seraient consid\u00e9rablement r\u00e9duits. Pour plus d&#039;informations sur les cookies, leur contenu, leur suppression ou leur d\u00e9sactivation, etc., veuillez consulter ce lien. (Section 2)<\/p><h3 class=\"wp-block-heading\">Cookies utilis\u00e9s sur ce site Web<\/h3><p>Conform\u00e9ment aux directives de l&#039;Agence espagnole de protection des donn\u00e9es, nous d\u00e9taillons l&#039;utilisation des cookies sur ce site Web pour vous fournir les informations les plus pr\u00e9cises possibles.<\/p><h3 class=\"wp-block-heading\">Ce site utilise ses propres cookies :<\/h3><p>Cookies de session\u00a0: pour garantir que les utilisateurs qui commentent votre blog sont des humains et non des applications automatis\u00e9es. Cela permet de lutter contre le spam.<\/p><h3 class=\"wp-block-heading\">Ce site Web utilise les cookies tiers suivants :<\/h3><p>Google Analytics\u00a0: enregistre des cookies pour \u00e9tablir des statistiques sur le trafic et le nombre de visites sur ce site web. En utilisant ce site web, vous consentez au traitement de vos donn\u00e9es nominatives par Google. Par cons\u00e9quent, si vous exercez vos droits \u00e0 cet \u00e9gard, vous devez contacter directement Google.<\/p><p>R\u00e9seaux sociaux : Chaque r\u00e9seau social utilise ses propres cookies afin que vous puissiez cliquer sur les boutons J&#039;aime ou Partager.<\/p><ul><li>YouTube<\/li><li>Gazouillement<\/li><li>Facebook<\/li><\/ul><p>De m\u00eame, il est possible que lorsque vous visitez un site web ou ouvrez un e-mail contenant une publicit\u00e9 ou une promotion concernant nos services ou produits, un cookie soit install\u00e9 dans votre navigateur. Ce cookie permet ensuite d&#039;afficher des publicit\u00e9s li\u00e9es \u00e0 la recherche effectu\u00e9e, de suivre nos annonces et, par exemple, de savoir combien de fois elles sont vues, o\u00f9 elles apparaissent, \u00e0 quelle heure, etc.<\/p><h3 class=\"wp-block-heading\">D\u00e9sactiver ou supprimer les cookies<\/h3><p>Vous pouvez exercer votre droit de d\u00e9sactiver ou de supprimer les cookies de ce site web \u00e0 tout moment. Ces actions varient selon le navigateur utilis\u00e9. Voici un guide rapide pour les navigateurs les plus populaires. (Section 3)<\/p><h3 class=\"wp-block-heading\">Notes compl\u00e9mentaires<\/h3><p>Ni ce site Web ni ses repr\u00e9sentants l\u00e9gaux ne sont responsables du contenu ou de la v\u00e9racit\u00e9 des politiques de confidentialit\u00e9 que les tiers mentionn\u00e9s dans cette politique de cookies peuvent avoir.<\/p><p>Les navigateurs web sont les outils responsables du stockage des cookies. Vous pouvez les supprimer ou les d\u00e9sactiver depuis ce site. Ni ce site web ni ses repr\u00e9sentants l\u00e9gaux ne peuvent garantir la gestion correcte ou incorrecte des cookies par ces navigateurs.<\/p><p>Dans certains cas, il est n\u00e9cessaire d&#039;installer des cookies afin que le navigateur n&#039;oublie pas votre d\u00e9cision de ne pas les accepter.<\/p><p>Dans le cas des cookies de Google Analytics, cette soci\u00e9t\u00e9 stocke les cookies sur des serveurs situ\u00e9s aux \u00c9tats-Unis et s&#039;engage \u00e0 ne pas les partager avec des tiers, sauf si cela est n\u00e9cessaire au fonctionnement du syst\u00e8me ou lorsque la loi l&#039;exige. Google Inc. est une soci\u00e9t\u00e9 qui respecte les\u00a0<a href=\"https:\/\/www.privacyshield.gov\/list\" target=\"_blank\" rel=\"noreferrer noopener\">Bouclier de protection des donn\u00e9es<\/a>\u00a0, qui garantit que toutes les donn\u00e9es transf\u00e9r\u00e9es seront trait\u00e9es avec un niveau de protection conforme \u00e0 la r\u00e9glementation europ\u00e9enne. Des informations d\u00e9taill\u00e9es sont disponibles \u00e0 l&#039;adresse suivante\u00a0:\u00a0<a href=\"https:\/\/www.privacyshield.gov\/welcome\" target=\"_blank\" rel=\"noreferrer noopener\">ce lien<\/a>\u00a0(1). Si vous souhaitez obtenir des informations sur la mani\u00e8re dont Google Analytics utilise les cookies, nous joignons\u00a0<a href=\"https:\/\/developers.google.com\/analytics\/devguides\/collection\/analyticsjs\/cookie-usage?hl=es&amp;csw=1\" target=\"_blank\" rel=\"noreferrer noopener\">cet autre lien<\/a>\u00a0(2)<\/p><p>Si vous avez des questions ou des pr\u00e9occupations concernant cette politique en mati\u00e8re de cookies, n&#039;h\u00e9sitez pas \u00e0 nous contacter via la section contact.<\/p><h3 class=\"wp-block-heading\">Section 2<\/h3><p>Plus d&#039;informations sur les cookies<\/p><h3 class=\"wp-block-heading\">Qu&#039;est-ce qu&#039;un cookie ?<\/h3><p>Un cookie est un fichier texte inoffensif stock\u00e9 dans votre navigateur lorsque vous visitez presque n&#039;importe quel site web. Il permet au site web de se souvenir de votre visite lorsque vous y revenez. Bien que beaucoup l&#039;ignorent, les cookies sont utilis\u00e9s depuis 20 ans, depuis l&#039;apparition des premiers navigateurs web.<\/p><h3 class=\"wp-block-heading\">Qu&#039;est-ce qui n&#039;est PAS un cookie ?<\/h3><p>Ce n\u2019est pas un virus, un cheval de Troie, un ver, un spam, un logiciel espion ou une fen\u00eatre contextuelle.<\/p><h3 class=\"wp-block-heading\">Quelles informations un cookie stocke-t-il ?<\/h3><p>Les cookies ne stockent g\u00e9n\u00e9ralement pas d&#039;informations sensibles vous concernant, telles que les coordonn\u00e9es de votre carte de cr\u00e9dit ou de votre banque, vos photographies, votre pi\u00e8ce d&#039;identit\u00e9 ou vos informations personnelles, etc. Les donn\u00e9es qu&#039;ils stockent sont de nature technique, de pr\u00e9f\u00e9rences personnelles, de personnalisation du contenu, etc.<\/p><p>Le serveur web ne vous associe pas en tant que personne, mais \u00e0 votre navigateur. En effet, si vous naviguez habituellement avec Internet Explorer et que vous essayez de consulter le m\u00eame site web avec Firefox ou Chrome, vous constaterez que le site web ne reconna\u00eet pas votre identit\u00e9, car il associe le navigateur, et non la personne.<\/p><h3 class=\"wp-block-heading\">Quels types de cookies existent ?<\/h3><p><strong>Cookies techniques<\/strong>\u00a0:Ce sont les plus basiques et permettent, entre autres, de savoir quand un humain ou une application automatis\u00e9e navigue, quand un utilisateur anonyme et un utilisateur enregistr\u00e9 naviguent, t\u00e2ches de base pour le fonctionnement de tout site Web dynamique.<\/p><p><strong>Cookies analytiques<\/strong>\u00a0:Ils collectent des informations sur le type de navigation que vous effectuez, les sections que vous utilisez le plus, les produits consult\u00e9s, le fuseau horaire d&#039;utilisation, la langue, etc.<\/p><p><strong>Cookies publicitaires<\/strong>\u00a0:Ils affichent des publicit\u00e9s en fonction de votre navigation, de votre pays d&#039;origine, de votre langue, etc.<\/p><h3 class=\"wp-block-heading\">Que sont les cookies propri\u00e9taires et tiers ?<\/h3><p>Les cookies propri\u00e9taires sont g\u00e9n\u00e9r\u00e9s par le site Web que vous visitez, tandis que les cookies tiers sont g\u00e9n\u00e9r\u00e9s par des services ou fournisseurs externes tels que Facebook, Twitter, Google, etc.<\/p><h3 class=\"wp-block-heading\">Que se passe-t-il si vous d\u00e9sactivez les cookies ?<\/h3><p>Pour vous aider \u00e0 comprendre les implications potentielles de la d\u00e9sactivation des cookies, voici quelques exemples\u00a0:<\/p><p>Vous ne pouvez pas partager le contenu de ce site Web sur Facebook, Twitter ou tout autre r\u00e9seau social.<\/p><p>Le site Web ne pourra pas adapter son contenu \u00e0 vos pr\u00e9f\u00e9rences personnelles, comme c&#039;est souvent le cas avec les boutiques en ligne.<\/p><p>Vous ne pourrez pas acc\u00e9der \u00e0 l&#039;espace personnel de ce site, tel que Mon Compte, Mon Profil ou Mes Commandes.<\/p><p>Boutiques en ligne : Vous ne pourrez pas effectuer d&#039;achats en ligne ; ils devront \u00eatre effectu\u00e9s par t\u00e9l\u00e9phone ou en vous rendant dans un magasin physique, s&#039;il y en a un de disponible.<\/p><p>Il ne sera pas possible de personnaliser vos pr\u00e9f\u00e9rences g\u00e9ographiques telles que le fuseau horaire, la devise ou la langue.<\/p><p>Le site Web ne pourra pas effectuer d&#039;analyses Web sur les visiteurs et le trafic Web, ce qui rendra difficile la comp\u00e9titivit\u00e9 du site Web.<\/p><p>Vous ne pourrez pas \u00e9crire sur le blog, t\u00e9l\u00e9charger des photos, publier des commentaires, noter ou \u00e9valuer du contenu. Le site web ne pourra pas non plus d\u00e9terminer si vous \u00eates un humain ou une application automatis\u00e9e publiant du spam.<\/p><p>Aucune publicit\u00e9 cibl\u00e9e ne sera affich\u00e9e, ce qui r\u00e9duira les revenus publicitaires du site.<\/p><p>Tous les r\u00e9seaux sociaux utilisent des cookies ; si vous les d\u00e9sactivez, vous ne pourrez utiliser aucun r\u00e9seau social.<\/p><h3 class=\"wp-block-heading\">Les cookies peuvent-ils \u00eatre supprim\u00e9s ?<\/h3><p>Oui. Non seulement la suppression, mais aussi le blocage, soit g\u00e9n\u00e9ral, soit sp\u00e9cifique \u00e0 un domaine sp\u00e9cifique.<\/p><p>Pour supprimer les cookies d&#039;un site web, acc\u00e9dez aux param\u00e8tres de votre navigateur. Vous pourrez y rechercher les cookies associ\u00e9s au domaine concern\u00e9 et les supprimer.<\/p><h3 class=\"wp-block-heading\">Section 3<\/h3><h3 class=\"wp-block-heading\">Param\u00e8tres des cookies pour les navigateurs les plus populaires<\/h3><p>Voici comment acc\u00e9der \u00e0 un cookie de navigateur sp\u00e9cifique\u00a0:\u00a0<strong>Chrome<\/strong>\u00a0.<br \/>Remarque\u00a0: ces \u00e9tapes peuvent varier en fonction de la version de votre navigateur\u00a0:<\/p><ul><li>Acc\u00e9dez \u00e0 Param\u00e8tres ou Pr\u00e9f\u00e9rences via le menu Fichier ou en cliquant sur l\u2019ic\u00f4ne Personnalisation dans le coin sup\u00e9rieur droit.<\/li><li>Vous verrez diff\u00e9rentes sections, cliquez sur l&#039;option Afficher les options avanc\u00e9es.<\/li><li>Acc\u00e9dez \u00e0 Confidentialit\u00e9, Param\u00e8tres de contenu.<\/li><li>S\u00e9lectionnez Tous les cookies et donn\u00e9es du site.<\/li><\/ul><p>Une liste de tous les cookies s&#039;affichera, tri\u00e9s par domaine. Pour trouver plus facilement les cookies d&#039;un domaine sp\u00e9cifique, saisissez tout ou partie de l&#039;adresse dans le champ Rechercher les cookies.<\/p><p>Apr\u00e8s avoir appliqu\u00e9 ce filtre, une ou plusieurs lignes appara\u00eetront \u00e0 l&#039;\u00e9cran avec les cookies du site web demand\u00e9. S\u00e9lectionnez-les et appuyez sur le bouton Xper pour les supprimer.<\/p><p>Pour acc\u00e9der aux param\u00e8tres des cookies de votre navigateur\u00a0<strong>Firefox<\/strong>\u00a0suivez ces \u00e9tapes (elles peuvent varier selon la version du navigateur) :<\/p><ul><li>Acc\u00e9dez \u00e0 Options ou Pr\u00e9f\u00e9rences en fonction de votre syst\u00e8me d\u2019exploitation.<\/li><li>Cliquez sur Confidentialit\u00e9.<\/li><li>Sous Historique, choisissez Utiliser les param\u00e8tres personnalis\u00e9s pour l\u2019historique.<\/li><li>Vous verrez maintenant l\u2019option Accepter les cookies, que vous pouvez activer ou d\u00e9sactiver selon vos pr\u00e9f\u00e9rences.<\/li><\/ul><p>Pour acc\u00e9der aux param\u00e8tres des cookies de votre navigateur\u00a0<strong>Safari<\/strong>\u00a0Pour OSX, suivez ces \u00e9tapes (peuvent varier selon la version du navigateur)\u00a0:<\/p><ul><li>Allez dans Pr\u00e9f\u00e9rences, puis Confidentialit\u00e9.<\/li><li>Sur ce site, vous verrez l&#039;option Bloquer les cookies afin que vous puissiez ajuster le type de blocage que vous souhaitez effectuer.<\/li><\/ul><p>Pour acc\u00e9der aux param\u00e8tres des cookies de votre navigateur\u00a0<strong>Safari pour iOS<\/strong>\u00a0suivez ces \u00e9tapes (elles peuvent varier selon la version du navigateur) :<\/p><ul><li>Allez dans Param\u00e8tres, puis Safari.<\/li><li>Acc\u00e9dez \u00e0 Confidentialit\u00e9 et s\u00e9curit\u00e9 et vous verrez l&#039;option Bloquer les cookies, afin que vous puissiez ajuster le type de blocage souhait\u00e9.<\/li><\/ul><p>Pour acc\u00e9der aux param\u00e8tres des cookies du navigateur pour les appareils\u00a0<strong>Andro\u00efde<\/strong>\u00a0suivez ces \u00e9tapes (elles peuvent varier selon la version du navigateur) :<\/p><ul><li>Lancez le navigateur et appuyez sur la touche Menu, puis sur Param\u00e8tres.<\/li><li>Acc\u00e9dez \u00e0 S\u00e9curit\u00e9 et confidentialit\u00e9 et vous verrez l&#039;option Accepter les cookies, vous pourrez donc cocher ou d\u00e9cocher la case.<\/li><\/ul><p>Pour acc\u00e9der aux param\u00e8tres des cookies du navigateur pour les appareils\u00a0<strong>Windows Phone<\/strong>\u00a0suivez ces \u00e9tapes (elles peuvent varier selon la version du navigateur) :<\/p><p>Ouvrez le navigateur, puis Plus, puis Param\u00e8tres<br \/>Vous pouvez d\u00e9sormais cocher ou d\u00e9cocher la case Autoriser les cookies.<\/p>\t\t\t\t\t\t\t\t<\/div>\n\t\t\t\t<\/div>\n\t\t\t\t\t<\/div>\n\t\t\t\t<\/div>\n\t\t\t\t<\/div>","protected":false},"excerpt":{"rendered":"<p>Apartado 1 Una\u00a0cookie\u00a0es un peque\u00f1o archivo de texto que se almacena en su navegador cuando visita casi cualquier p\u00e1gina web.\u00a0Su utilidad es que la web sea capaz de recordar su visita cuando vuelva a navegar por esta p\u00e1gina.\u00a0Las cookies suelen almacenar informaci\u00f3n de car\u00e1cter t\u00e9cnico, preferencias personales, personalizaci\u00f3n de contenidos, estad\u00edsticas de uso, enlaces a [&hellip;]<\/p>\n","protected":false},"author":1,"featured_media":0,"parent":0,"menu_order":0,"comment_status":"closed","ping_status":"closed","template":"","meta":{"_acf_changed":false,"footnotes":""},"class_list":["post-19","page","type-page","status-publish","hentry"],"acf":[],"yoast_head":"<!-- This site is optimized with the Yoast SEO plugin v27.2 - https:\/\/yoast.com\/product\/yoast-seo-wordpress\/ -->\n<title>Pol\u00edtica de cookies - dMARZpro<\/title>\n<meta name=\"robots\" content=\"index, follow, max-snippet:-1, max-image-preview:large, max-video-preview:-1\" \/>\n<link rel=\"canonical\" href=\"https:\/\/dmarzpro.com\/fr\/politica-de-cookies\/\" \/>\n<meta property=\"og:locale\" content=\"fr_FR\" \/>\n<meta property=\"og:type\" content=\"article\" \/>\n<meta property=\"og:title\" content=\"Pol\u00edtica de cookies - dMARZpro\" \/>\n<meta property=\"og:description\" content=\"Apartado 1 Una\u00a0cookie\u00a0es un peque\u00f1o archivo de texto que se almacena en su navegador cuando visita casi cualquier p\u00e1gina web.\u00a0Su utilidad es que la web sea capaz de recordar su visita cuando vuelva a navegar por esta p\u00e1gina.\u00a0Las cookies suelen almacenar informaci\u00f3n de car\u00e1cter t\u00e9cnico, preferencias personales, personalizaci\u00f3n de contenidos, estad\u00edsticas de uso, enlaces a [&hellip;]\" \/>\n<meta property=\"og:url\" content=\"https:\/\/dmarzpro.com\/fr\/politica-de-cookies\/\" \/>\n<meta property=\"og:site_name\" content=\"dMARZpro\" \/>\n<meta property=\"article:modified_time\" content=\"2025-03-26T10:57:36+00:00\" \/>\n<meta name=\"twitter:card\" content=\"summary_large_image\" \/>\n<meta name=\"twitter:label1\" content=\"Dur\u00e9e de lecture estim\u00e9e\" \/>\n\t<meta name=\"twitter:data1\" content=\"8 minutes\" \/>\n<script type=\"application\/ld+json\" class=\"yoast-schema-graph\">{\"@context\":\"https:\/\/schema.org\",\"@graph\":[{\"@type\":\"WebPage\",\"@id\":\"https:\/\/dmarzpro.com\/politica-de-cookies\/\",\"url\":\"https:\/\/dmarzpro.com\/politica-de-cookies\/\",\"name\":\"Pol\u00edtica de cookies - dMARZpro\",\"isPartOf\":{\"@id\":\"https:\/\/dmarzpro.com\/#website\"},\"datePublished\":\"2025-03-26T10:57:34+00:00\",\"dateModified\":\"2025-03-26T10:57:36+00:00\",\"breadcrumb\":{\"@id\":\"https:\/\/dmarzpro.com\/politica-de-cookies\/#breadcrumb\"},\"inLanguage\":\"fr-FR\",\"potentialAction\":[{\"@type\":\"ReadAction\",\"target\":[\"https:\/\/dmarzpro.com\/politica-de-cookies\/\"]}]},{\"@type\":\"BreadcrumbList\",\"@id\":\"https:\/\/dmarzpro.com\/politica-de-cookies\/#breadcrumb\",\"itemListElement\":[{\"@type\":\"ListItem\",\"position\":1,\"name\":\"Portada\",\"item\":\"https:\/\/dmarzpro.com\/\"},{\"@type\":\"ListItem\",\"position\":2,\"name\":\"Pol\u00edtica de cookies\"}]},{\"@type\":\"WebSite\",\"@id\":\"https:\/\/dmarzpro.com\/#website\",\"url\":\"https:\/\/dmarzpro.com\/\",\"name\":\"David Marzabal\",\"description\":\"Hacemos construible tu proyecto\",\"publisher\":{\"@id\":\"https:\/\/dmarzpro.com\/#organization\"},\"potentialAction\":[{\"@type\":\"SearchAction\",\"target\":{\"@type\":\"EntryPoint\",\"urlTemplate\":\"https:\/\/dmarzpro.com\/?s={search_term_string}\"},\"query-input\":{\"@type\":\"PropertyValueSpecification\",\"valueRequired\":true,\"valueName\":\"search_term_string\"}}],\"inLanguage\":\"fr-FR\"},{\"@type\":\"Organization\",\"@id\":\"https:\/\/dmarzpro.com\/#organization\",\"name\":\"David Marzabal\",\"url\":\"https:\/\/dmarzpro.com\/\",\"logo\":{\"@type\":\"ImageObject\",\"inLanguage\":\"fr-FR\",\"@id\":\"https:\/\/dmarzpro.com\/#\/schema\/logo\/image\/\",\"url\":\"https:\/\/dmarzpro.com\/wp-content\/uploads\/2025\/03\/marzo.png\",\"contentUrl\":\"https:\/\/dmarzpro.com\/wp-content\/uploads\/2025\/03\/marzo.png\",\"width\":800,\"height\":266,\"caption\":\"David Marzabal\"},\"image\":{\"@id\":\"https:\/\/dmarzpro.com\/#\/schema\/logo\/image\/\"}}]}<\/script>\n<!-- \/ Yoast SEO plugin. -->","yoast_head_json":{"title":"Pol\u00edtica de cookies - dMARZpro","robots":{"index":"index","follow":"follow","max-snippet":"max-snippet:-1","max-image-preview":"max-image-preview:large","max-video-preview":"max-video-preview:-1"},"canonical":"https:\/\/dmarzpro.com\/fr\/politica-de-cookies\/","og_locale":"fr_FR","og_type":"article","og_title":"Pol\u00edtica de cookies - dMARZpro","og_description":"Apartado 1 Una\u00a0cookie\u00a0es un peque\u00f1o archivo de texto que se almacena en su navegador cuando visita casi cualquier p\u00e1gina web.\u00a0Su utilidad es que la web sea capaz de recordar su visita cuando vuelva a navegar por esta p\u00e1gina.\u00a0Las cookies suelen almacenar informaci\u00f3n de car\u00e1cter t\u00e9cnico, preferencias personales, personalizaci\u00f3n de contenidos, estad\u00edsticas de uso, enlaces a [&hellip;]","og_url":"https:\/\/dmarzpro.com\/fr\/politica-de-cookies\/","og_site_name":"dMARZpro","article_modified_time":"2025-03-26T10:57:36+00:00","twitter_card":"summary_large_image","twitter_misc":{"Dur\u00e9e de lecture estim\u00e9e":"8 minutes"},"schema":{"@context":"https:\/\/schema.org","@graph":[{"@type":"WebPage","@id":"https:\/\/dmarzpro.com\/politica-de-cookies\/","url":"https:\/\/dmarzpro.com\/politica-de-cookies\/","name":"Pol\u00edtica de cookies - dMARZpro","isPartOf":{"@id":"https:\/\/dmarzpro.com\/#website"},"datePublished":"2025-03-26T10:57:34+00:00","dateModified":"2025-03-26T10:57:36+00:00","breadcrumb":{"@id":"https:\/\/dmarzpro.com\/politica-de-cookies\/#breadcrumb"},"inLanguage":"fr-FR","potentialAction":[{"@type":"ReadAction","target":["https:\/\/dmarzpro.com\/politica-de-cookies\/"]}]},{"@type":"BreadcrumbList","@id":"https:\/\/dmarzpro.com\/politica-de-cookies\/#breadcrumb","itemListElement":[{"@type":"ListItem","position":1,"name":"Portada","item":"https:\/\/dmarzpro.com\/"},{"@type":"ListItem","position":2,"name":"Pol\u00edtica de cookies"}]},{"@type":"WebSite","@id":"https:\/\/dmarzpro.com\/#website","url":"https:\/\/dmarzpro.com\/","name":"David Marzabal","description":"Nous rendons votre projet constructible","publisher":{"@id":"https:\/\/dmarzpro.com\/#organization"},"potentialAction":[{"@type":"SearchAction","target":{"@type":"EntryPoint","urlTemplate":"https:\/\/dmarzpro.com\/?s={search_term_string}"},"query-input":{"@type":"PropertyValueSpecification","valueRequired":true,"valueName":"search_term_string"}}],"inLanguage":"fr-FR"},{"@type":"Organization","@id":"https:\/\/dmarzpro.com\/#organization","name":"David Marzabal","url":"https:\/\/dmarzpro.com\/","logo":{"@type":"ImageObject","inLanguage":"fr-FR","@id":"https:\/\/dmarzpro.com\/#\/schema\/logo\/image\/","url":"https:\/\/dmarzpro.com\/wp-content\/uploads\/2025\/03\/marzo.png","contentUrl":"https:\/\/dmarzpro.com\/wp-content\/uploads\/2025\/03\/marzo.png","width":800,"height":266,"caption":"David Marzabal"},"image":{"@id":"https:\/\/dmarzpro.com\/#\/schema\/logo\/image\/"}}]}},"_links":{"self":[{"href":"https:\/\/dmarzpro.com\/fr\/wp-json\/wp\/v2\/pages\/19","targetHints":{"allow":["GET"]}}],"collection":[{"href":"https:\/\/dmarzpro.com\/fr\/wp-json\/wp\/v2\/pages"}],"about":[{"href":"https:\/\/dmarzpro.com\/fr\/wp-json\/wp\/v2\/types\/page"}],"author":[{"embeddable":true,"href":"https:\/\/dmarzpro.com\/fr\/wp-json\/wp\/v2\/users\/1"}],"replies":[{"embeddable":true,"href":"https:\/\/dmarzpro.com\/fr\/wp-json\/wp\/v2\/comments?post=19"}],"version-history":[{"count":4,"href":"https:\/\/dmarzpro.com\/fr\/wp-json\/wp\/v2\/pages\/19\/revisions"}],"predecessor-version":[{"id":36,"href":"https:\/\/dmarzpro.com\/fr\/wp-json\/wp\/v2\/pages\/19\/revisions\/36"}],"wp:attachment":[{"href":"https:\/\/dmarzpro.com\/fr\/wp-json\/wp\/v2\/media?parent=19"}],"curies":[{"name":"wp","href":"https:\/\/api.w.org\/{rel}","templated":true}]}}