{"id":187,"date":"2025-03-31T08:17:50","date_gmt":"2025-03-31T08:17:50","guid":{"rendered":"https:\/\/dmarzpro.com\/politica-de-privacidad-2\/"},"modified":"2025-03-31T08:17:56","modified_gmt":"2025-03-31T08:17:56","slug":"politica-de-privacidad-2","status":"publish","type":"page","link":"https:\/\/dmarzpro.com\/fr\/politica-de-privacidad-2\/","title":{"rendered":"politique de confidentialit\u00e9"},"content":{"rendered":"<div data-elementor-type=\"wp-page\" data-elementor-id=\"187\" class=\"elementor elementor-187\" data-elementor-post-type=\"page\">\n\t\t\t\t<div class=\"elementor-element elementor-element-7cbec445 e-flex e-con-boxed e-con e-parent\" data-id=\"7cbec445\" data-element_type=\"container\" data-e-type=\"container\" data-settings=\"{&quot;background_background&quot;:&quot;classic&quot;}\">\n\t\t\t\t\t<div class=\"e-con-inner\">\n\t\t<div class=\"elementor-element elementor-element-37c2d668 e-con-full e-flex e-con e-child\" data-id=\"37c2d668\" data-element_type=\"container\" data-e-type=\"container\">\n\t\t\t\t<div class=\"elementor-element elementor-element-3f591b31 elementor-widget__width-inherit elementor-widget elementor-widget-heading\" data-id=\"3f591b31\" data-element_type=\"widget\" data-e-type=\"widget\" data-widget_type=\"heading.default\">\n\t\t\t\t<div class=\"elementor-widget-container\">\n\t\t\t\t\t<h1 class=\"elementor-heading-title elementor-size-default\">politique de confidentialit\u00e9<\/h1>\t\t\t\t<\/div>\n\t\t\t\t<\/div>\n\t\t\t\t<\/div>\n\t\t\t\t\t<\/div>\n\t\t\t\t<\/div>\n\t\t<div class=\"elementor-element elementor-element-5b69ffcc e-flex e-con-boxed e-con e-parent\" data-id=\"5b69ffcc\" data-element_type=\"container\" data-e-type=\"container\">\n\t\t\t\t\t<div class=\"e-con-inner\">\n\t\t\t\t<div class=\"elementor-element elementor-element-273a56c1 elementor-widget elementor-widget-text-editor\" data-id=\"273a56c1\" data-element_type=\"widget\" data-e-type=\"widget\" data-widget_type=\"text-editor.default\">\n\t\t\t\t<div class=\"elementor-widget-container\">\n\t\t\t\t\t\t\t\t\t<h3 class=\"wp-block-heading\">1.- INFORMATIONS \u00c0 L&#039;UTILISATEUR<\/h3><p>Le site web informe les utilisateurs de sa politique de traitement et de protection des donn\u00e9es personnelles des utilisateurs et clients, susceptibles d&#039;\u00eatre demand\u00e9es lors de leur navigation. Le site web est responsable du traitement des donn\u00e9es personnelles des utilisateurs\u00a0; par cons\u00e9quent, les informations suivantes concernant le traitement de vos donn\u00e9es sont fournies\u00a0:\u00a0<strong>Crit\u00e8res de conservation des donn\u00e9es<\/strong>\u00a0:Les donn\u00e9es personnelles fournies seront conserv\u00e9es jusqu&#039;\u00e0 ce que l&#039;int\u00e9ress\u00e9 en demande la suspension, en exer\u00e7ant ses droits sur les donn\u00e9es, et dans tous les cas dans le respect des d\u00e9lais de prescription l\u00e9gaux qui lui sont applicables.\u00a0<strong>Droits des parties int\u00e9ress\u00e9es<\/strong>\u00a0:<\/p><ul><li>Droit de retirer votre consentement \u00e0 tout moment.<\/li><li>Le droit d\u2019acc\u00e9der, de rectifier, d\u2019effacer et de transf\u00e9rer vos donn\u00e9es, ainsi que de limiter ou de vous opposer \u00e0 leur traitement, ainsi que de ne pas faire l\u2019objet de d\u00e9cisions individuelles automatis\u00e9es.<\/li><\/ul><p><strong>Coordonn\u00e9es pour exercer vos droits<\/strong>\u00a0:Vous devez vous identifier correctement et demander clairement le droit d&#039;exercice.<\/p><ul><li>Nom : ???? avec NIF ????<\/li><li>Adresse: ???<b><br \/><\/b><\/li><li>T\u00e9l\u00e9phone: ????<\/li><li>Mail: ????<\/li><\/ul><h3 class=\"wp-block-heading\">2.- INFORMATIONS FOURNIES PAR L&#039;UTILISATEUR<\/h3><p>Si vous avez moins de 18 ans, vous n&#039;\u00eates pas autoris\u00e9 \u00e0 utiliser les formulaires sur notre site Web.<\/p><p>En saisissant leurs donn\u00e9es dans les formulaires de contact ou en les soumettant via les formulaires de t\u00e9l\u00e9chargement, les Utilisateurs acceptent express\u00e9ment, librement et sans \u00e9quivoque que leurs donn\u00e9es soient n\u00e9cessaires au Responsable du traitement pour traiter leur demande. La saisie de donn\u00e9es dans les autres champs est facultative.<\/p><p>L&#039;Utilisateur garantit que les donn\u00e9es personnelles fournies sont vraies et est responsable de communiquer toute modification.<\/p><p>Toutes les donn\u00e9es demand\u00e9es via le site web sont n\u00e9cessaires pour fournir \u00e0 l&#039;Utilisateur un service optimal. Si toutes les donn\u00e9es ne sont pas fournies, il n&#039;est pas garanti que les informations et services fournis par le Responsable du traitement seront parfaitement adapt\u00e9s \u00e0 ses besoins.<\/p><h3 class=\"wp-block-heading\">3.- MESURES DE S\u00c9CURIT\u00c9<\/h3><p>Que conform\u00e9ment aux dispositions de la r\u00e9glementation en vigueur en mati\u00e8re de protection des donn\u00e9es personnelles, le Responsable se conforme \u00e0 toutes les dispositions des r\u00e9glementations GDPR et LOPD pour le traitement des donn\u00e9es personnelles sous sa responsabilit\u00e9, qui sont trait\u00e9es de mani\u00e8re licite, loyale et transparente par rapport \u00e0 la personne concern\u00e9e et sont ad\u00e9quates, pertinentes et limit\u00e9es \u00e0 ce qui est n\u00e9cessaire au regard des finalit\u00e9s pour lesquelles elles sont trait\u00e9es.<\/p><p>Le Responsable garantit qu&#039;il a mis en \u0153uvre des politiques techniques et organisationnelles appropri\u00e9es pour appliquer les mesures de s\u00e9curit\u00e9 \u00e9tablies par le RGPD et la LOPD pour prot\u00e9ger les droits et libert\u00e9s des Utilisateurs et leur a fourni les informations appropri\u00e9es pour qu&#039;ils puissent les exercer.<\/p><h3 class=\"wp-block-heading\">4.- FAILLES DE S\u00c9CURIT\u00c9<\/h3><p>Le Responsable signalera toute violation de s\u00e9curit\u00e9 affectant la base de donn\u00e9es utilis\u00e9e par ce site Web, ou l&#039;un de nos services tiers, \u00e0 chaque personne dont les donn\u00e9es pourraient avoir \u00e9t\u00e9 affect\u00e9es, ainsi qu&#039;aux autorit\u00e9s dans les 72 heures suivant la d\u00e9tection de la violation.<\/p><h3 class=\"wp-block-heading\">5.- L\u00c9GISLATION APPLICABLE ET JURIDICTION<\/h3><p>Pour la r\u00e9solution de tout litige ou probl\u00e8me li\u00e9 \u00e0 ce site web ou aux activit\u00e9s qui y sont men\u00e9es, le droit espagnol sera applicable, auquel les parties se soumettent express\u00e9ment. Les tribunaux de Barcelone seront comp\u00e9tents pour r\u00e9soudre tout conflit d\u00e9coulant de son utilisation.<\/p>\t\t\t\t\t\t\t\t<\/div>\n\t\t\t\t<\/div>\n\t\t\t\t\t<\/div>\n\t\t\t\t<\/div>\n\t\t\t\t<\/div>","protected":false},"excerpt":{"rendered":"<p>1.- INFORMACI\u00d3N AL USUARIO El sitio web informa a los usuarios del sitio web sobre su pol\u00edtica respecto al tratamiento y protecci\u00f3n de los datos de car\u00e1cter personal de los usuarios y clientes que puedan ser solicitados por la navegaci\u00f3n a trav\u00e9s de su sitio web. El sitio web es el Responsable del tratamiento de [&hellip;]<\/p>\n","protected":false},"author":2,"featured_media":0,"parent":0,"menu_order":0,"comment_status":"closed","ping_status":"closed","template":"","meta":{"_acf_changed":false,"footnotes":""},"class_list":["post-187","page","type-page","status-publish","hentry"],"acf":[],"yoast_head":"<!-- This site is optimized with the Yoast SEO plugin v27.2 - https:\/\/yoast.com\/product\/yoast-seo-wordpress\/ -->\n<title>Pol\u00edtica de privacidad - dMARZpro<\/title>\n<meta name=\"robots\" content=\"index, follow, max-snippet:-1, max-image-preview:large, max-video-preview:-1\" \/>\n<link rel=\"canonical\" href=\"https:\/\/dmarzpro.com\/fr\/politica-de-privacidad-2\/\" \/>\n<meta property=\"og:locale\" content=\"fr_FR\" \/>\n<meta property=\"og:type\" content=\"article\" \/>\n<meta property=\"og:title\" content=\"Pol\u00edtica de privacidad - dMARZpro\" \/>\n<meta property=\"og:description\" content=\"1.- INFORMACI\u00d3N AL USUARIO El sitio web informa a los usuarios del sitio web sobre su pol\u00edtica respecto al tratamiento y protecci\u00f3n de los datos de car\u00e1cter personal de los usuarios y clientes que puedan ser solicitados por la navegaci\u00f3n a trav\u00e9s de su sitio web. El sitio web es el Responsable del tratamiento de [&hellip;]\" \/>\n<meta property=\"og:url\" content=\"https:\/\/dmarzpro.com\/fr\/politica-de-privacidad-2\/\" \/>\n<meta property=\"og:site_name\" content=\"dMARZpro\" \/>\n<meta property=\"article:modified_time\" content=\"2025-03-31T08:17:56+00:00\" \/>\n<meta name=\"twitter:card\" content=\"summary_large_image\" \/>\n<meta name=\"twitter:label1\" content=\"Dur\u00e9e de lecture estim\u00e9e\" \/>\n\t<meta name=\"twitter:data1\" content=\"3 minutes\" \/>\n<script type=\"application\/ld+json\" class=\"yoast-schema-graph\">{\"@context\":\"https:\/\/schema.org\",\"@graph\":[{\"@type\":\"WebPage\",\"@id\":\"https:\/\/dmarzpro.com\/politica-de-privacidad-2\/\",\"url\":\"https:\/\/dmarzpro.com\/politica-de-privacidad-2\/\",\"name\":\"Pol\u00edtica de privacidad - dMARZpro\",\"isPartOf\":{\"@id\":\"https:\/\/dmarzpro.com\/#website\"},\"datePublished\":\"2025-03-31T08:17:50+00:00\",\"dateModified\":\"2025-03-31T08:17:56+00:00\",\"breadcrumb\":{\"@id\":\"https:\/\/dmarzpro.com\/politica-de-privacidad-2\/#breadcrumb\"},\"inLanguage\":\"fr-FR\",\"potentialAction\":[{\"@type\":\"ReadAction\",\"target\":[\"https:\/\/dmarzpro.com\/politica-de-privacidad-2\/\"]}]},{\"@type\":\"BreadcrumbList\",\"@id\":\"https:\/\/dmarzpro.com\/politica-de-privacidad-2\/#breadcrumb\",\"itemListElement\":[{\"@type\":\"ListItem\",\"position\":1,\"name\":\"Portada\",\"item\":\"https:\/\/dmarzpro.com\/\"},{\"@type\":\"ListItem\",\"position\":2,\"name\":\"Pol\u00edtica de privacidad\"}]},{\"@type\":\"WebSite\",\"@id\":\"https:\/\/dmarzpro.com\/#website\",\"url\":\"https:\/\/dmarzpro.com\/\",\"name\":\"David Marzabal\",\"description\":\"Hacemos construible tu proyecto\",\"publisher\":{\"@id\":\"https:\/\/dmarzpro.com\/#organization\"},\"potentialAction\":[{\"@type\":\"SearchAction\",\"target\":{\"@type\":\"EntryPoint\",\"urlTemplate\":\"https:\/\/dmarzpro.com\/?s={search_term_string}\"},\"query-input\":{\"@type\":\"PropertyValueSpecification\",\"valueRequired\":true,\"valueName\":\"search_term_string\"}}],\"inLanguage\":\"fr-FR\"},{\"@type\":\"Organization\",\"@id\":\"https:\/\/dmarzpro.com\/#organization\",\"name\":\"David Marzabal\",\"url\":\"https:\/\/dmarzpro.com\/\",\"logo\":{\"@type\":\"ImageObject\",\"inLanguage\":\"fr-FR\",\"@id\":\"https:\/\/dmarzpro.com\/#\/schema\/logo\/image\/\",\"url\":\"https:\/\/dmarzpro.com\/wp-content\/uploads\/2025\/03\/marzo.png\",\"contentUrl\":\"https:\/\/dmarzpro.com\/wp-content\/uploads\/2025\/03\/marzo.png\",\"width\":800,\"height\":266,\"caption\":\"David Marzabal\"},\"image\":{\"@id\":\"https:\/\/dmarzpro.com\/#\/schema\/logo\/image\/\"}}]}<\/script>\n<!-- \/ Yoast SEO plugin. -->","yoast_head_json":{"title":"Pol\u00edtica de privacidad - dMARZpro","robots":{"index":"index","follow":"follow","max-snippet":"max-snippet:-1","max-image-preview":"max-image-preview:large","max-video-preview":"max-video-preview:-1"},"canonical":"https:\/\/dmarzpro.com\/fr\/politica-de-privacidad-2\/","og_locale":"fr_FR","og_type":"article","og_title":"Pol\u00edtica de privacidad - dMARZpro","og_description":"1.- INFORMACI\u00d3N AL USUARIO El sitio web informa a los usuarios del sitio web sobre su pol\u00edtica respecto al tratamiento y protecci\u00f3n de los datos de car\u00e1cter personal de los usuarios y clientes que puedan ser solicitados por la navegaci\u00f3n a trav\u00e9s de su sitio web. El sitio web es el Responsable del tratamiento de [&hellip;]","og_url":"https:\/\/dmarzpro.com\/fr\/politica-de-privacidad-2\/","og_site_name":"dMARZpro","article_modified_time":"2025-03-31T08:17:56+00:00","twitter_card":"summary_large_image","twitter_misc":{"Dur\u00e9e de lecture estim\u00e9e":"3 minutes"},"schema":{"@context":"https:\/\/schema.org","@graph":[{"@type":"WebPage","@id":"https:\/\/dmarzpro.com\/politica-de-privacidad-2\/","url":"https:\/\/dmarzpro.com\/politica-de-privacidad-2\/","name":"Pol\u00edtica de privacidad - dMARZpro","isPartOf":{"@id":"https:\/\/dmarzpro.com\/#website"},"datePublished":"2025-03-31T08:17:50+00:00","dateModified":"2025-03-31T08:17:56+00:00","breadcrumb":{"@id":"https:\/\/dmarzpro.com\/politica-de-privacidad-2\/#breadcrumb"},"inLanguage":"fr-FR","potentialAction":[{"@type":"ReadAction","target":["https:\/\/dmarzpro.com\/politica-de-privacidad-2\/"]}]},{"@type":"BreadcrumbList","@id":"https:\/\/dmarzpro.com\/politica-de-privacidad-2\/#breadcrumb","itemListElement":[{"@type":"ListItem","position":1,"name":"Portada","item":"https:\/\/dmarzpro.com\/"},{"@type":"ListItem","position":2,"name":"Pol\u00edtica de privacidad"}]},{"@type":"WebSite","@id":"https:\/\/dmarzpro.com\/#website","url":"https:\/\/dmarzpro.com\/","name":"David Marzabal","description":"Nous rendons votre projet constructible","publisher":{"@id":"https:\/\/dmarzpro.com\/#organization"},"potentialAction":[{"@type":"SearchAction","target":{"@type":"EntryPoint","urlTemplate":"https:\/\/dmarzpro.com\/?s={search_term_string}"},"query-input":{"@type":"PropertyValueSpecification","valueRequired":true,"valueName":"search_term_string"}}],"inLanguage":"fr-FR"},{"@type":"Organization","@id":"https:\/\/dmarzpro.com\/#organization","name":"David Marzabal","url":"https:\/\/dmarzpro.com\/","logo":{"@type":"ImageObject","inLanguage":"fr-FR","@id":"https:\/\/dmarzpro.com\/#\/schema\/logo\/image\/","url":"https:\/\/dmarzpro.com\/wp-content\/uploads\/2025\/03\/marzo.png","contentUrl":"https:\/\/dmarzpro.com\/wp-content\/uploads\/2025\/03\/marzo.png","width":800,"height":266,"caption":"David Marzabal"},"image":{"@id":"https:\/\/dmarzpro.com\/#\/schema\/logo\/image\/"}}]}},"_links":{"self":[{"href":"https:\/\/dmarzpro.com\/fr\/wp-json\/wp\/v2\/pages\/187","targetHints":{"allow":["GET"]}}],"collection":[{"href":"https:\/\/dmarzpro.com\/fr\/wp-json\/wp\/v2\/pages"}],"about":[{"href":"https:\/\/dmarzpro.com\/fr\/wp-json\/wp\/v2\/types\/page"}],"author":[{"embeddable":true,"href":"https:\/\/dmarzpro.com\/fr\/wp-json\/wp\/v2\/users\/2"}],"replies":[{"embeddable":true,"href":"https:\/\/dmarzpro.com\/fr\/wp-json\/wp\/v2\/comments?post=187"}],"version-history":[{"count":4,"href":"https:\/\/dmarzpro.com\/fr\/wp-json\/wp\/v2\/pages\/187\/revisions"}],"predecessor-version":[{"id":287,"href":"https:\/\/dmarzpro.com\/fr\/wp-json\/wp\/v2\/pages\/187\/revisions\/287"}],"wp:attachment":[{"href":"https:\/\/dmarzpro.com\/fr\/wp-json\/wp\/v2\/media?parent=187"}],"curies":[{"name":"wp","href":"https:\/\/api.w.org\/{rel}","templated":true}]}}