{"id":16,"date":"2025-03-26T10:57:34","date_gmt":"2025-03-26T10:57:34","guid":{"rendered":"https:\/\/dmarzpro.com\/declaracion-de-accesibilidad\/"},"modified":"2025-05-19T11:29:56","modified_gmt":"2025-05-19T11:29:56","slug":"declaracion-de-accesibilidad","status":"publish","type":"page","link":"https:\/\/dmarzpro.com\/fr\/declaracion-de-accesibilidad\/","title":{"rendered":"D\u00e9claration d&#039;accessibilit\u00e9"},"content":{"rendered":"<div data-elementor-type=\"wp-page\" data-elementor-id=\"16\" class=\"elementor elementor-16\" data-elementor-post-type=\"page\">\n\t\t\t\t<div class=\"elementor-element elementor-element-13fdff2 e-flex e-con-boxed e-con e-parent\" data-id=\"13fdff2\" data-element_type=\"container\" data-e-type=\"container\" data-settings=\"{&quot;background_background&quot;:&quot;classic&quot;}\">\n\t\t\t\t\t<div class=\"e-con-inner\">\n\t\t<div class=\"elementor-element elementor-element-6752aa14 e-con-full e-flex e-con e-child\" data-id=\"6752aa14\" data-element_type=\"container\" data-e-type=\"container\">\n\t\t\t\t<div class=\"elementor-element elementor-element-2950c6d1 elementor-widget__width-inherit elementor-widget elementor-widget-heading\" data-id=\"2950c6d1\" data-element_type=\"widget\" data-e-type=\"widget\" data-widget_type=\"heading.default\">\n\t\t\t\t<div class=\"elementor-widget-container\">\n\t\t\t\t\t<h1 class=\"elementor-heading-title elementor-size-default\">D\u00e9claration d&#039;accessibilit\u00e9<\/h1>\t\t\t\t<\/div>\n\t\t\t\t<\/div>\n\t\t\t\t<\/div>\n\t\t\t\t\t<\/div>\n\t\t\t\t<\/div>\n\t\t<div class=\"elementor-element elementor-element-1f398d73 e-flex e-con-boxed e-con e-parent\" data-id=\"1f398d73\" data-element_type=\"container\" data-e-type=\"container\">\n\t\t\t\t\t<div class=\"e-con-inner\">\n\t\t\t\t<div class=\"elementor-element elementor-element-6baeaae2 elementor-widget elementor-widget-text-editor\" data-id=\"6baeaae2\" data-element_type=\"widget\" data-e-type=\"widget\" data-widget_type=\"text-editor.default\">\n\t\t\t\t<div class=\"elementor-widget-container\">\n\t\t\t\t\t\t\t\t\t<p>DAVID MARZABAL ESTEVEZ, titulaire du NIF 44007495P, s&#039;engage \u00e0 rendre son site web accessible conform\u00e9ment au d\u00e9cret royal 1112\/2018 du 7 septembre relatif \u00e0 l&#039;accessibilit\u00e9 des sites web et des applications mobiles du secteur public. Cette d\u00e9claration d&#039;accessibilit\u00e9 s&#039;applique \u00e0 ce site web.<\/p><h3 class=\"wp-block-heading\">\u00c9tat de conformit\u00e9<\/h3><p>Ce site Web est d\u00e9velopp\u00e9 conform\u00e9ment au RD 1112\/2018<\/p><h3 class=\"wp-block-heading\">Pr\u00e9paration de la prochaine d\u00e9claration d&#039;accessibilit\u00e9<\/h3><p>Cette d\u00e9claration a \u00e9t\u00e9 pr\u00e9par\u00e9e le 20 mai 2023.<\/p><p>La m\u00e9thode utilis\u00e9e pour pr\u00e9parer la d\u00e9claration \u00e9tait une auto-\u00e9valuation.<\/p><h3 class=\"wp-block-heading\">Contenu facultatif<\/h3><p>Vous pouvez faire des communications sur les exigences d&#039;accessibilit\u00e9 (article 10.2.a du RD 1112\/2018) telles que :<\/p><ul><li>Signaler toute non-conformit\u00e9 potentielle de ce site Web<\/li><li>Transmettre d&#039;autres difficult\u00e9s d&#039;acc\u00e8s au contenu<\/li><li>Faire toute autre question ou suggestion d&#039;am\u00e9lioration li\u00e9e \u00e0 l&#039;accessibilit\u00e9 du site Web via le\u00a0<a href=\"\/fr\/contacto\/\">formulaire de contact<\/a> \u00e0 partir de ce site Web ou via le num\u00e9ro de t\u00e9l\u00e9phone : 678595064<\/li><\/ul><p>Vous pouvez pr\u00e9senter :<\/p><ul><li>Plainte concernant le respect des exigences du RD 1112\/2018<\/li><li>Demande d&#039;information accessible concernant :<ul><li>Contenus exclus du champ d&#039;application du RD 1112\/2018 conform\u00e9ment aux dispositions de l&#039;article 3, section 4<\/li><li>Contenu exempt\u00e9 de la conformit\u00e9 aux exigences d&#039;accessibilit\u00e9 pour avoir impos\u00e9 une charge disproportionn\u00e9e<\/li><li>Dans la demande d\u2019acc\u00e8s \u00e0 l\u2019information, les faits, les motifs et la demande doivent \u00eatre clairement \u00e9nonc\u00e9s pour d\u00e9montrer qu\u2019il s\u2019agit d\u2019une demande raisonnable et l\u00e9gitime.<\/li><\/ul><\/li><\/ul><p>Les plaintes et r\u00e9clamations concernant les informations accessibles seront faites via le si\u00e8ge \u00e9lectronique (<a href=\"https:\/\/sede.red.gob.es\/procedimientos\/quejas-y-sugerencias\" target=\"_blank\" rel=\"noreferrer noopener\">https:\/\/sede.red.gob.es\/procedimientos\/quejas-y-sugerencias<\/a>), et seront re\u00e7ues et trait\u00e9es par le d\u00e9partement des Syst\u00e8mes d&#039;Information de Red.es.<\/p><h3 class=\"wp-block-heading\">Commentaires et coordonn\u00e9es<\/h3><ul><li>Pour modifier la taille de la police dans les principaux navigateurs graphiques, utilisez les menus suivants\u00a0:<\/li><li>Safari\u00a0: Affichage &gt; Agrandir le texte<\/li><li>Chrome\u00a0: Contr\u00f4ler la page actuelle &gt; Taille du texte<\/li><\/ul><p>Pour modifier la taille de tout sur la page\u00a0:<\/p><ul><li>Ctrl++ pour l&#039;augmenter<\/li><li>Ctrl + \u2013 pour le diminuer<\/li><li>Ctrl + 0 restaure la taille du texte d&#039;origine<\/li><li>Si vous souhaitez remplacer la feuille de style ou modifier la couleur du texte, vous pouvez consulter la page Comment modifier la taille ou les couleurs du texte du WAI, qui peut \u00eatre lue traduite en espagnol \u00e0 l&#039;adresse Comment modifier la taille ou les couleurs du texte ?<\/li><\/ul>\t\t\t\t\t\t\t\t<\/div>\n\t\t\t\t<\/div>\n\t\t\t\t\t<\/div>\n\t\t\t\t<\/div>\n\t\t\t\t<\/div>","protected":false},"excerpt":{"rendered":"<p>DAVID MARZABAL ESTEVEZ con NIF 44007495P se ha comprometido a hacer accesible su sitio web, de conformidad con el Real Decreto 1112\/2018, de 7 de septiembre, sobre accesibilidad de los sitios web y aplicaciones para dispositivos m\u00f3viles del sector p\u00fablico. Esta declaraci\u00f3n de accesibilidad se aplica a esta web. Situaci\u00f3n de cumplimiento Este sitio web [&hellip;]<\/p>\n","protected":false},"author":1,"featured_media":0,"parent":0,"menu_order":0,"comment_status":"closed","ping_status":"closed","template":"","meta":{"_acf_changed":false,"footnotes":""},"class_list":["post-16","page","type-page","status-publish","hentry"],"acf":[],"yoast_head":"<!-- This site is optimized with the Yoast SEO plugin v27.2 - https:\/\/yoast.com\/product\/yoast-seo-wordpress\/ -->\n<title>Declaraci\u00f3n de accesibilidad - dMARZpro<\/title>\n<meta name=\"robots\" content=\"index, follow, max-snippet:-1, max-image-preview:large, max-video-preview:-1\" \/>\n<link rel=\"canonical\" href=\"https:\/\/dmarzpro.com\/fr\/declaracion-de-accesibilidad\/\" \/>\n<meta property=\"og:locale\" content=\"fr_FR\" \/>\n<meta property=\"og:type\" content=\"article\" \/>\n<meta property=\"og:title\" content=\"Declaraci\u00f3n de accesibilidad - dMARZpro\" \/>\n<meta property=\"og:description\" content=\"DAVID MARZABAL ESTEVEZ con NIF 44007495P se ha comprometido a hacer accesible su sitio web, de conformidad con el Real Decreto 1112\/2018, de 7 de septiembre, sobre accesibilidad de los sitios web y aplicaciones para dispositivos m\u00f3viles del sector p\u00fablico. Esta declaraci\u00f3n de accesibilidad se aplica a esta web. Situaci\u00f3n de cumplimiento Este sitio web [&hellip;]\" \/>\n<meta property=\"og:url\" content=\"https:\/\/dmarzpro.com\/fr\/declaracion-de-accesibilidad\/\" \/>\n<meta property=\"og:site_name\" content=\"dMARZpro\" \/>\n<meta property=\"article:modified_time\" content=\"2025-05-19T11:29:56+00:00\" \/>\n<meta name=\"twitter:card\" content=\"summary_large_image\" \/>\n<meta name=\"twitter:label1\" content=\"Dur\u00e9e de lecture estim\u00e9e\" \/>\n\t<meta name=\"twitter:data1\" content=\"2 minutes\" \/>\n<script type=\"application\/ld+json\" class=\"yoast-schema-graph\">{\"@context\":\"https:\/\/schema.org\",\"@graph\":[{\"@type\":\"WebPage\",\"@id\":\"https:\/\/dmarzpro.com\/declaracion-de-accesibilidad\/\",\"url\":\"https:\/\/dmarzpro.com\/declaracion-de-accesibilidad\/\",\"name\":\"Declaraci\u00f3n de accesibilidad - dMARZpro\",\"isPartOf\":{\"@id\":\"https:\/\/dmarzpro.com\/#website\"},\"datePublished\":\"2025-03-26T10:57:34+00:00\",\"dateModified\":\"2025-05-19T11:29:56+00:00\",\"breadcrumb\":{\"@id\":\"https:\/\/dmarzpro.com\/declaracion-de-accesibilidad\/#breadcrumb\"},\"inLanguage\":\"fr-FR\",\"potentialAction\":[{\"@type\":\"ReadAction\",\"target\":[\"https:\/\/dmarzpro.com\/declaracion-de-accesibilidad\/\"]}]},{\"@type\":\"BreadcrumbList\",\"@id\":\"https:\/\/dmarzpro.com\/declaracion-de-accesibilidad\/#breadcrumb\",\"itemListElement\":[{\"@type\":\"ListItem\",\"position\":1,\"name\":\"Portada\",\"item\":\"https:\/\/dmarzpro.com\/\"},{\"@type\":\"ListItem\",\"position\":2,\"name\":\"Declaraci\u00f3n de accesibilidad\"}]},{\"@type\":\"WebSite\",\"@id\":\"https:\/\/dmarzpro.com\/#website\",\"url\":\"https:\/\/dmarzpro.com\/\",\"name\":\"David Marzabal\",\"description\":\"Hacemos construible tu proyecto\",\"publisher\":{\"@id\":\"https:\/\/dmarzpro.com\/#organization\"},\"potentialAction\":[{\"@type\":\"SearchAction\",\"target\":{\"@type\":\"EntryPoint\",\"urlTemplate\":\"https:\/\/dmarzpro.com\/?s={search_term_string}\"},\"query-input\":{\"@type\":\"PropertyValueSpecification\",\"valueRequired\":true,\"valueName\":\"search_term_string\"}}],\"inLanguage\":\"fr-FR\"},{\"@type\":\"Organization\",\"@id\":\"https:\/\/dmarzpro.com\/#organization\",\"name\":\"David Marzabal\",\"url\":\"https:\/\/dmarzpro.com\/\",\"logo\":{\"@type\":\"ImageObject\",\"inLanguage\":\"fr-FR\",\"@id\":\"https:\/\/dmarzpro.com\/#\/schema\/logo\/image\/\",\"url\":\"https:\/\/dmarzpro.com\/wp-content\/uploads\/2025\/03\/marzo.png\",\"contentUrl\":\"https:\/\/dmarzpro.com\/wp-content\/uploads\/2025\/03\/marzo.png\",\"width\":800,\"height\":266,\"caption\":\"David Marzabal\"},\"image\":{\"@id\":\"https:\/\/dmarzpro.com\/#\/schema\/logo\/image\/\"}}]}<\/script>\n<!-- \/ Yoast SEO plugin. -->","yoast_head_json":{"title":"Declaraci\u00f3n de accesibilidad - dMARZpro","robots":{"index":"index","follow":"follow","max-snippet":"max-snippet:-1","max-image-preview":"max-image-preview:large","max-video-preview":"max-video-preview:-1"},"canonical":"https:\/\/dmarzpro.com\/fr\/declaracion-de-accesibilidad\/","og_locale":"fr_FR","og_type":"article","og_title":"Declaraci\u00f3n de accesibilidad - dMARZpro","og_description":"DAVID MARZABAL ESTEVEZ con NIF 44007495P se ha comprometido a hacer accesible su sitio web, de conformidad con el Real Decreto 1112\/2018, de 7 de septiembre, sobre accesibilidad de los sitios web y aplicaciones para dispositivos m\u00f3viles del sector p\u00fablico. Esta declaraci\u00f3n de accesibilidad se aplica a esta web. Situaci\u00f3n de cumplimiento Este sitio web [&hellip;]","og_url":"https:\/\/dmarzpro.com\/fr\/declaracion-de-accesibilidad\/","og_site_name":"dMARZpro","article_modified_time":"2025-05-19T11:29:56+00:00","twitter_card":"summary_large_image","twitter_misc":{"Dur\u00e9e de lecture estim\u00e9e":"2 minutes"},"schema":{"@context":"https:\/\/schema.org","@graph":[{"@type":"WebPage","@id":"https:\/\/dmarzpro.com\/declaracion-de-accesibilidad\/","url":"https:\/\/dmarzpro.com\/declaracion-de-accesibilidad\/","name":"Declaraci\u00f3n de accesibilidad - dMARZpro","isPartOf":{"@id":"https:\/\/dmarzpro.com\/#website"},"datePublished":"2025-03-26T10:57:34+00:00","dateModified":"2025-05-19T11:29:56+00:00","breadcrumb":{"@id":"https:\/\/dmarzpro.com\/declaracion-de-accesibilidad\/#breadcrumb"},"inLanguage":"fr-FR","potentialAction":[{"@type":"ReadAction","target":["https:\/\/dmarzpro.com\/declaracion-de-accesibilidad\/"]}]},{"@type":"BreadcrumbList","@id":"https:\/\/dmarzpro.com\/declaracion-de-accesibilidad\/#breadcrumb","itemListElement":[{"@type":"ListItem","position":1,"name":"Portada","item":"https:\/\/dmarzpro.com\/"},{"@type":"ListItem","position":2,"name":"Declaraci\u00f3n de accesibilidad"}]},{"@type":"WebSite","@id":"https:\/\/dmarzpro.com\/#website","url":"https:\/\/dmarzpro.com\/","name":"David Marzabal","description":"Nous rendons votre projet constructible","publisher":{"@id":"https:\/\/dmarzpro.com\/#organization"},"potentialAction":[{"@type":"SearchAction","target":{"@type":"EntryPoint","urlTemplate":"https:\/\/dmarzpro.com\/?s={search_term_string}"},"query-input":{"@type":"PropertyValueSpecification","valueRequired":true,"valueName":"search_term_string"}}],"inLanguage":"fr-FR"},{"@type":"Organization","@id":"https:\/\/dmarzpro.com\/#organization","name":"David Marzabal","url":"https:\/\/dmarzpro.com\/","logo":{"@type":"ImageObject","inLanguage":"fr-FR","@id":"https:\/\/dmarzpro.com\/#\/schema\/logo\/image\/","url":"https:\/\/dmarzpro.com\/wp-content\/uploads\/2025\/03\/marzo.png","contentUrl":"https:\/\/dmarzpro.com\/wp-content\/uploads\/2025\/03\/marzo.png","width":800,"height":266,"caption":"David Marzabal"},"image":{"@id":"https:\/\/dmarzpro.com\/#\/schema\/logo\/image\/"}}]}},"_links":{"self":[{"href":"https:\/\/dmarzpro.com\/fr\/wp-json\/wp\/v2\/pages\/16","targetHints":{"allow":["GET"]}}],"collection":[{"href":"https:\/\/dmarzpro.com\/fr\/wp-json\/wp\/v2\/pages"}],"about":[{"href":"https:\/\/dmarzpro.com\/fr\/wp-json\/wp\/v2\/types\/page"}],"author":[{"embeddable":true,"href":"https:\/\/dmarzpro.com\/fr\/wp-json\/wp\/v2\/users\/1"}],"replies":[{"embeddable":true,"href":"https:\/\/dmarzpro.com\/fr\/wp-json\/wp\/v2\/comments?post=16"}],"version-history":[{"count":7,"href":"https:\/\/dmarzpro.com\/fr\/wp-json\/wp\/v2\/pages\/16\/revisions"}],"predecessor-version":[{"id":1447,"href":"https:\/\/dmarzpro.com\/fr\/wp-json\/wp\/v2\/pages\/16\/revisions\/1447"}],"wp:attachment":[{"href":"https:\/\/dmarzpro.com\/fr\/wp-json\/wp\/v2\/media?parent=16"}],"curies":[{"name":"wp","href":"https:\/\/api.w.org\/{rel}","templated":true}]}}