{"id":16,"date":"2025-03-26T10:57:34","date_gmt":"2025-03-26T10:57:34","guid":{"rendered":"https:\/\/dmarzpro.com\/declaracion-de-accesibilidad\/"},"modified":"2025-05-19T11:29:56","modified_gmt":"2025-05-19T11:29:56","slug":"declaracion-de-accesibilidad","status":"publish","type":"page","link":"https:\/\/dmarzpro.com\/en\/declaracion-de-accesibilidad\/","title":{"rendered":"Accessibility statement"},"content":{"rendered":"<div data-elementor-type=\"wp-page\" data-elementor-id=\"16\" class=\"elementor elementor-16\" data-elementor-post-type=\"page\">\n\t\t\t\t<div class=\"elementor-element elementor-element-13fdff2 e-flex e-con-boxed e-con e-parent\" data-id=\"13fdff2\" data-element_type=\"container\" data-e-type=\"container\" data-settings=\"{&quot;background_background&quot;:&quot;classic&quot;}\">\n\t\t\t\t\t<div class=\"e-con-inner\">\n\t\t<div class=\"elementor-element elementor-element-6752aa14 e-con-full e-flex e-con e-child\" data-id=\"6752aa14\" data-element_type=\"container\" data-e-type=\"container\">\n\t\t\t\t<div class=\"elementor-element elementor-element-2950c6d1 elementor-widget__width-inherit elementor-widget elementor-widget-heading\" data-id=\"2950c6d1\" data-element_type=\"widget\" data-e-type=\"widget\" data-widget_type=\"heading.default\">\n\t\t\t\t<div class=\"elementor-widget-container\">\n\t\t\t\t\t<h1 class=\"elementor-heading-title elementor-size-default\">Accessibility statement<\/h1>\t\t\t\t<\/div>\n\t\t\t\t<\/div>\n\t\t\t\t<\/div>\n\t\t\t\t\t<\/div>\n\t\t\t\t<\/div>\n\t\t<div class=\"elementor-element elementor-element-1f398d73 e-flex e-con-boxed e-con e-parent\" data-id=\"1f398d73\" data-element_type=\"container\" data-e-type=\"container\">\n\t\t\t\t\t<div class=\"e-con-inner\">\n\t\t\t\t<div class=\"elementor-element elementor-element-6baeaae2 elementor-widget elementor-widget-text-editor\" data-id=\"6baeaae2\" data-element_type=\"widget\" data-e-type=\"widget\" data-widget_type=\"text-editor.default\">\n\t\t\t\t<div class=\"elementor-widget-container\">\n\t\t\t\t\t\t\t\t\t<p>DAVID MARZABAL ESTEVEZ, with NIF 44007495P, is committed to making its website accessible in accordance with Royal Decree 1112\/2018, of September 7, on the accessibility of websites and mobile applications in the public sector. This accessibility statement applies to this website.<\/p><h3 class=\"wp-block-heading\">Compliance status<\/h3><p>This website is developed in accordance with RD 1112\/2018<\/p><h3 class=\"wp-block-heading\">Preparing for the next accessibility statement<\/h3><p>This statement was prepared on May 20, 2023.<\/p><p>The method used to prepare the declaration was a self-assessment.<\/p><h3 class=\"wp-block-heading\">Optional content<\/h3><p>You can make communications about accessibility requirements (article 10.2.a of RD 1112\/2018) such as:<\/p><ul><li>Report any potential non-compliance by this website<\/li><li>Transmit other difficulties in accessing the content<\/li><li>Make any other query or suggestion for improvement related to the accessibility of the website through the\u00a0<a href=\"\/en\/contacto\/\">contact form<\/a> from this website or through the phone number: 678595064<\/li><\/ul><p>You may present:<\/p><ul><li>Complaint regarding compliance with the requirements of RD 1112\/2018<\/li><li>Request for accessible information regarding:<ul><li>Contents that are excluded from the scope of RD 1112\/2018 according to the provisions of article 3, section 4<\/li><li>Content that is exempt from compliance with accessibility requirements for imposing a disproportionate burden<\/li><li>In the Request for Accessible Information, the facts, reasons, and the request must be clearly stated to demonstrate that it is a reasonable and legitimate request.<\/li><\/ul><\/li><\/ul><p>Complaints and claims regarding accessible information will be made through the electronic headquarters (<a href=\"https:\/\/sede.red.gob.es\/procedimientos\/quejas-y-sugerencias\" target=\"_blank\" rel=\"noreferrer noopener\">https:\/\/sede.red.gob.es\/procedimientos\/quejas-y-sugerencias<\/a>), and will be received and processed by the Information Systems area of Red.es.<\/p><h3 class=\"wp-block-heading\">Comments and contact information<\/h3><ul><li>To change the font size in major graphical browsers, use the following menus:<\/li><li>Safari: View &gt; Make Text Larger<\/li><li>Chrome: Control the current page &gt; Text size<\/li><\/ul><p>To change the size of everything on the page:<\/p><ul><li>Ctrl++ to increase it<\/li><li>Ctrl + \u2013 to decrease it<\/li><li>Ctrl + 0 restores the original text size<\/li><li>If you want to override the style sheet or change the color of the text, you can consult the WAI&#039;s How to Change Text Size or Colors page, which can be read translated into Spanish at How to change text size or colors?<\/li><\/ul>\t\t\t\t\t\t\t\t<\/div>\n\t\t\t\t<\/div>\n\t\t\t\t\t<\/div>\n\t\t\t\t<\/div>\n\t\t\t\t<\/div>","protected":false},"excerpt":{"rendered":"<p>DAVID MARZABAL ESTEVEZ con NIF 44007495P se ha comprometido a hacer accesible su sitio web, de conformidad con el Real Decreto 1112\/2018, de 7 de septiembre, sobre accesibilidad de los sitios web y aplicaciones para dispositivos m\u00f3viles del sector p\u00fablico. Esta declaraci\u00f3n de accesibilidad se aplica a esta web. Situaci\u00f3n de cumplimiento Este sitio web [&hellip;]<\/p>\n","protected":false},"author":1,"featured_media":0,"parent":0,"menu_order":0,"comment_status":"closed","ping_status":"closed","template":"","meta":{"_acf_changed":false,"footnotes":""},"class_list":["post-16","page","type-page","status-publish","hentry"],"acf":[],"yoast_head":"<!-- This site is optimized with the Yoast SEO plugin v27.2 - https:\/\/yoast.com\/product\/yoast-seo-wordpress\/ -->\n<title>Declaraci\u00f3n de accesibilidad - dMARZpro<\/title>\n<meta name=\"robots\" content=\"index, follow, max-snippet:-1, max-image-preview:large, max-video-preview:-1\" \/>\n<link rel=\"canonical\" href=\"https:\/\/dmarzpro.com\/en\/declaracion-de-accesibilidad\/\" \/>\n<meta property=\"og:locale\" content=\"en_GB\" \/>\n<meta property=\"og:type\" content=\"article\" \/>\n<meta property=\"og:title\" content=\"Declaraci\u00f3n de accesibilidad - dMARZpro\" \/>\n<meta property=\"og:description\" content=\"DAVID MARZABAL ESTEVEZ con NIF 44007495P se ha comprometido a hacer accesible su sitio web, de conformidad con el Real Decreto 1112\/2018, de 7 de septiembre, sobre accesibilidad de los sitios web y aplicaciones para dispositivos m\u00f3viles del sector p\u00fablico. Esta declaraci\u00f3n de accesibilidad se aplica a esta web. Situaci\u00f3n de cumplimiento Este sitio web [&hellip;]\" \/>\n<meta property=\"og:url\" content=\"https:\/\/dmarzpro.com\/en\/declaracion-de-accesibilidad\/\" \/>\n<meta property=\"og:site_name\" content=\"dMARZpro\" \/>\n<meta property=\"article:modified_time\" content=\"2025-05-19T11:29:56+00:00\" \/>\n<meta name=\"twitter:card\" content=\"summary_large_image\" \/>\n<meta name=\"twitter:label1\" content=\"Estimated reading time\" \/>\n\t<meta name=\"twitter:data1\" content=\"2 minutes\" \/>\n<script type=\"application\/ld+json\" class=\"yoast-schema-graph\">{\"@context\":\"https:\/\/schema.org\",\"@graph\":[{\"@type\":\"WebPage\",\"@id\":\"https:\/\/dmarzpro.com\/declaracion-de-accesibilidad\/\",\"url\":\"https:\/\/dmarzpro.com\/declaracion-de-accesibilidad\/\",\"name\":\"Declaraci\u00f3n de accesibilidad - dMARZpro\",\"isPartOf\":{\"@id\":\"https:\/\/dmarzpro.com\/#website\"},\"datePublished\":\"2025-03-26T10:57:34+00:00\",\"dateModified\":\"2025-05-19T11:29:56+00:00\",\"breadcrumb\":{\"@id\":\"https:\/\/dmarzpro.com\/declaracion-de-accesibilidad\/#breadcrumb\"},\"inLanguage\":\"en-GB\",\"potentialAction\":[{\"@type\":\"ReadAction\",\"target\":[\"https:\/\/dmarzpro.com\/declaracion-de-accesibilidad\/\"]}]},{\"@type\":\"BreadcrumbList\",\"@id\":\"https:\/\/dmarzpro.com\/declaracion-de-accesibilidad\/#breadcrumb\",\"itemListElement\":[{\"@type\":\"ListItem\",\"position\":1,\"name\":\"Portada\",\"item\":\"https:\/\/dmarzpro.com\/\"},{\"@type\":\"ListItem\",\"position\":2,\"name\":\"Declaraci\u00f3n de accesibilidad\"}]},{\"@type\":\"WebSite\",\"@id\":\"https:\/\/dmarzpro.com\/#website\",\"url\":\"https:\/\/dmarzpro.com\/\",\"name\":\"David Marzabal\",\"description\":\"Hacemos construible tu proyecto\",\"publisher\":{\"@id\":\"https:\/\/dmarzpro.com\/#organization\"},\"potentialAction\":[{\"@type\":\"SearchAction\",\"target\":{\"@type\":\"EntryPoint\",\"urlTemplate\":\"https:\/\/dmarzpro.com\/?s={search_term_string}\"},\"query-input\":{\"@type\":\"PropertyValueSpecification\",\"valueRequired\":true,\"valueName\":\"search_term_string\"}}],\"inLanguage\":\"en-GB\"},{\"@type\":\"Organization\",\"@id\":\"https:\/\/dmarzpro.com\/#organization\",\"name\":\"David Marzabal\",\"url\":\"https:\/\/dmarzpro.com\/\",\"logo\":{\"@type\":\"ImageObject\",\"inLanguage\":\"en-GB\",\"@id\":\"https:\/\/dmarzpro.com\/#\/schema\/logo\/image\/\",\"url\":\"https:\/\/dmarzpro.com\/wp-content\/uploads\/2025\/03\/marzo.png\",\"contentUrl\":\"https:\/\/dmarzpro.com\/wp-content\/uploads\/2025\/03\/marzo.png\",\"width\":800,\"height\":266,\"caption\":\"David Marzabal\"},\"image\":{\"@id\":\"https:\/\/dmarzpro.com\/#\/schema\/logo\/image\/\"}}]}<\/script>\n<!-- \/ Yoast SEO plugin. -->","yoast_head_json":{"title":"Declaraci\u00f3n de accesibilidad - dMARZpro","robots":{"index":"index","follow":"follow","max-snippet":"max-snippet:-1","max-image-preview":"max-image-preview:large","max-video-preview":"max-video-preview:-1"},"canonical":"https:\/\/dmarzpro.com\/en\/declaracion-de-accesibilidad\/","og_locale":"en_GB","og_type":"article","og_title":"Declaraci\u00f3n de accesibilidad - dMARZpro","og_description":"DAVID MARZABAL ESTEVEZ con NIF 44007495P se ha comprometido a hacer accesible su sitio web, de conformidad con el Real Decreto 1112\/2018, de 7 de septiembre, sobre accesibilidad de los sitios web y aplicaciones para dispositivos m\u00f3viles del sector p\u00fablico. Esta declaraci\u00f3n de accesibilidad se aplica a esta web. Situaci\u00f3n de cumplimiento Este sitio web [&hellip;]","og_url":"https:\/\/dmarzpro.com\/en\/declaracion-de-accesibilidad\/","og_site_name":"dMARZpro","article_modified_time":"2025-05-19T11:29:56+00:00","twitter_card":"summary_large_image","twitter_misc":{"Estimated reading time":"2 minutes"},"schema":{"@context":"https:\/\/schema.org","@graph":[{"@type":"WebPage","@id":"https:\/\/dmarzpro.com\/declaracion-de-accesibilidad\/","url":"https:\/\/dmarzpro.com\/declaracion-de-accesibilidad\/","name":"Declaraci\u00f3n de accesibilidad - dMARZpro","isPartOf":{"@id":"https:\/\/dmarzpro.com\/#website"},"datePublished":"2025-03-26T10:57:34+00:00","dateModified":"2025-05-19T11:29:56+00:00","breadcrumb":{"@id":"https:\/\/dmarzpro.com\/declaracion-de-accesibilidad\/#breadcrumb"},"inLanguage":"en-GB","potentialAction":[{"@type":"ReadAction","target":["https:\/\/dmarzpro.com\/declaracion-de-accesibilidad\/"]}]},{"@type":"BreadcrumbList","@id":"https:\/\/dmarzpro.com\/declaracion-de-accesibilidad\/#breadcrumb","itemListElement":[{"@type":"ListItem","position":1,"name":"Portada","item":"https:\/\/dmarzpro.com\/"},{"@type":"ListItem","position":2,"name":"Declaraci\u00f3n de accesibilidad"}]},{"@type":"WebSite","@id":"https:\/\/dmarzpro.com\/#website","url":"https:\/\/dmarzpro.com\/","name":"David Marzabal","description":"We make your project buildable","publisher":{"@id":"https:\/\/dmarzpro.com\/#organization"},"potentialAction":[{"@type":"SearchAction","target":{"@type":"EntryPoint","urlTemplate":"https:\/\/dmarzpro.com\/?s={search_term_string}"},"query-input":{"@type":"PropertyValueSpecification","valueRequired":true,"valueName":"search_term_string"}}],"inLanguage":"en-GB"},{"@type":"Organization","@id":"https:\/\/dmarzpro.com\/#organization","name":"David Marzabal","url":"https:\/\/dmarzpro.com\/","logo":{"@type":"ImageObject","inLanguage":"en-GB","@id":"https:\/\/dmarzpro.com\/#\/schema\/logo\/image\/","url":"https:\/\/dmarzpro.com\/wp-content\/uploads\/2025\/03\/marzo.png","contentUrl":"https:\/\/dmarzpro.com\/wp-content\/uploads\/2025\/03\/marzo.png","width":800,"height":266,"caption":"David Marzabal"},"image":{"@id":"https:\/\/dmarzpro.com\/#\/schema\/logo\/image\/"}}]}},"_links":{"self":[{"href":"https:\/\/dmarzpro.com\/en\/wp-json\/wp\/v2\/pages\/16","targetHints":{"allow":["GET"]}}],"collection":[{"href":"https:\/\/dmarzpro.com\/en\/wp-json\/wp\/v2\/pages"}],"about":[{"href":"https:\/\/dmarzpro.com\/en\/wp-json\/wp\/v2\/types\/page"}],"author":[{"embeddable":true,"href":"https:\/\/dmarzpro.com\/en\/wp-json\/wp\/v2\/users\/1"}],"replies":[{"embeddable":true,"href":"https:\/\/dmarzpro.com\/en\/wp-json\/wp\/v2\/comments?post=16"}],"version-history":[{"count":7,"href":"https:\/\/dmarzpro.com\/en\/wp-json\/wp\/v2\/pages\/16\/revisions"}],"predecessor-version":[{"id":1447,"href":"https:\/\/dmarzpro.com\/en\/wp-json\/wp\/v2\/pages\/16\/revisions\/1447"}],"wp:attachment":[{"href":"https:\/\/dmarzpro.com\/en\/wp-json\/wp\/v2\/media?parent=16"}],"curies":[{"name":"wp","href":"https:\/\/api.w.org\/{rel}","templated":true}]}}