{"id":22,"date":"2025-03-26T10:57:34","date_gmt":"2025-03-26T10:57:34","guid":{"rendered":"https:\/\/dmarzpro.com\/politica-de-privacidad\/"},"modified":"2025-05-19T11:29:09","modified_gmt":"2025-05-19T11:29:09","slug":"politica-de-privacidad","status":"publish","type":"page","link":"https:\/\/dmarzpro.com\/ca\/politica-de-privacidad\/","title":{"rendered":"Pol\u00edtica de privadesa"},"content":{"rendered":"<div data-elementor-type=\"wp-page\" data-elementor-id=\"22\" class=\"elementor elementor-22\" data-elementor-post-type=\"page\">\n\t\t\t\t<div class=\"elementor-element elementor-element-2fdfca12 e-flex e-con-boxed e-con e-parent\" data-id=\"2fdfca12\" data-element_type=\"container\" data-e-type=\"container\" data-settings=\"{&quot;background_background&quot;:&quot;classic&quot;}\">\n\t\t\t\t\t<div class=\"e-con-inner\">\n\t\t<div class=\"elementor-element elementor-element-4b648af1 e-con-full e-flex e-con e-child\" data-id=\"4b648af1\" data-element_type=\"container\" data-e-type=\"container\">\n\t\t\t\t<div class=\"elementor-element elementor-element-6ed3a3bd elementor-widget__width-inherit elementor-widget elementor-widget-heading\" data-id=\"6ed3a3bd\" data-element_type=\"widget\" data-e-type=\"widget\" data-widget_type=\"heading.default\">\n\t\t\t\t<div class=\"elementor-widget-container\">\n\t\t\t\t\t<h1 class=\"elementor-heading-title elementor-size-default\">Pol\u00edtica de privadesa<\/h1>\t\t\t\t<\/div>\n\t\t\t\t<\/div>\n\t\t\t\t<\/div>\n\t\t\t\t\t<\/div>\n\t\t\t\t<\/div>\n\t\t<div class=\"elementor-element elementor-element-280cdf3c e-flex e-con-boxed e-con e-parent\" data-id=\"280cdf3c\" data-element_type=\"container\" data-e-type=\"container\">\n\t\t\t\t\t<div class=\"e-con-inner\">\n\t\t\t\t<div class=\"elementor-element elementor-element-3421e99b elementor-widget elementor-widget-text-editor\" data-id=\"3421e99b\" data-element_type=\"widget\" data-e-type=\"widget\" data-widget_type=\"text-editor.default\">\n\t\t\t\t<div class=\"elementor-widget-container\">\n\t\t\t\t\t\t\t\t\t<h3 class=\"wp-block-heading\">1.- INFORMACI\u00d3 A L&#039;USUARI<\/h3><p>El lloc web informa els usuaris del lloc web sobre la seva pol\u00edtica respecte al tractament i la protecci\u00f3 de les dades de car\u00e0cter personal dels usuaris i clients que puguin ser sol\u00b7licitats per la navegaci\u00f3 a trav\u00e9s del seu lloc web. El lloc web \u00e9s el Responsable del tractament de les dades personals de l&#039;usuari, per la qual cosa se us facilita la seg\u00fcent informaci\u00f3 referent al tractament de les vostres dades:\u00a0<strong>Criteris de conservaci\u00f3 de les dades<\/strong>\u00a0: Les dades personals proporcionades es conservaran fins que no se sol\u00b7liciti la suspensi\u00f3 per part de l&#039;interessat, exercint els seus drets sobre les dades, i en qualsevol cas en compliment de terminis legals de prescripci\u00f3 que li siguin aplicables.\u00a0<strong>Drets dels interessats<\/strong>\u00a0:<\/p><ul><li>Dret a retirar-ne el consentiment en qualsevol moment.<\/li><li>Dret d&#039;acc\u00e9s, rectificaci\u00f3, supressi\u00f3, portabilitat de les vostres dades ia la limitaci\u00f3 o oposici\u00f3 del vostre tractament, aix\u00ed com no ser objecte de decisions individuals automatitzades.<\/li><\/ul><p><strong>Dades de contacte per exercir els vostres drets<\/strong> : Cal identificar degudament i sol\u00b7licitar clarament el dret d&#039;exercir.<\/p><ul><li>Nom: DAVID MARZABAL ESTEVEZ amb NIF 44007495P<\/li><li>Adre\u00e7a: C\/ Balmes, 350. SA 1a, 08006 Barcelona<b><br \/><\/b><\/li><li>Tel\u00e8fon: 678595064<\/li><li>Mail: <a href=\"mailto:david.marzabal@hotmail.com\">david.marzabal@hotmail.com<\/a><\/li><\/ul><h3 class=\"wp-block-heading\">2.- INFORMACI\u00d3 FACILITADA PER L&#039;USUARI<\/h3><p>Si \u00e9s menor de 18 anys no es permet l&#039;\u00fas de formularis a la nostra web.<\/p><p>Els Usuaris, introduint les seves dades als formularis de contacte o presentats en formularis de desc\u00e0rrega, accepten expressament i de forma lliure i inequ\u00edvoca, que les seves dades s\u00f3n necess\u00e0ries per atendre la seva petici\u00f3, per part del Responsable, sent volunt\u00e0ria la inclusi\u00f3 de dades als camps restants.<\/p><p>L&#039;Usuari garanteix que les dades personals facilitades s\u00f3n veraces i es fa responsable de comunicar qualsevol modificaci\u00f3.<\/p><p>Totes les dades sol\u00b7licitades a trav\u00e9s del lloc web s\u00f3n necess\u00e0ries per prestar un servei \u00f2ptim a l&#039;Usuari. En cas que no siguin facilitades totes les dades, no es garanteix que la informaci\u00f3 i els serveis que El Responsable li faciliti, siguin completament ajustats a les seves necessitats.<\/p><h3 class=\"wp-block-heading\">3.- MESURES DE SEGURETAT<\/h3><p>Que de conformitat amb el que disposen les normatives vigents en mat\u00e8ria de protecci\u00f3 de dades personals, El Responsable est\u00e0 complint amb totes les disposicions de les normatives RGPD i LOPD per al tractament de les dades personals de la seva responsabilitat, les quals s\u00f3n tractades de forma l\u00edcita, lleial i transparent en relaci\u00f3 amb linteressat i adequats, pertinents i limitats al que s\u00f3n necessaris en relaci\u00f3 amb els fins.<\/p><p>El Responsable garanteix que ha implementat pol\u00edtiques t\u00e8cniques i organitzatives apropiades per aplicar les mesures de seguretat que estableixen el RGPD i la LOPD per protegir els drets i les llibertats dels Usuaris i els ha comunicat la informaci\u00f3 adequada perqu\u00e8 puguin exercir-los.<\/p><h3 class=\"wp-block-heading\">4.- BRETXES DE SEGURETAT<\/h3><p>El Responsable informar\u00e0 sobre qualsevol bretxa de seguretat que afecti la base de dades que utilitza aquest lloc web, o que afecti qualsevol dels nostres serveis de tercers, totes i cadascuna de les persones, dades de qu\u00e8 puguin haver estat afectats, i autoritats, dins de les 72 hores seg\u00fcents a la detecci\u00f3 de la bretxa.<\/p><h3 class=\"wp-block-heading\">5.-LEGISLACI\u00d3 APLICABLE I JURISDICCI\u00d3<\/h3><p>Per a la resoluci\u00f3 de totes les controv\u00e8rsies o q\u00fcestions relacionades amb aquest lloc web o de les activitats que es desenvolupin, ser\u00e0 daplicaci\u00f3 la legislaci\u00f3 espanyola, a la qual se sotmeten expressament les parts, sent competents per a la resoluci\u00f3 de tots els conflictes derivats o relacionats amb l\u00fas dels Jutjats i Tribunals de Barcelona.<\/p>\t\t\t\t\t\t\t\t<\/div>\n\t\t\t\t<\/div>\n\t\t\t\t\t<\/div>\n\t\t\t\t<\/div>\n\t\t\t\t<\/div>","protected":false},"excerpt":{"rendered":"<p>1.- INFORMACI\u00d3N AL USUARIO El sitio web informa a los usuarios del sitio web sobre su pol\u00edtica respecto al tratamiento y protecci\u00f3n de los datos de car\u00e1cter personal de los usuarios y clientes que puedan ser solicitados por la navegaci\u00f3n a trav\u00e9s de su sitio web. El sitio web es el Responsable del tratamiento de [&hellip;]<\/p>\n","protected":false},"author":1,"featured_media":0,"parent":0,"menu_order":0,"comment_status":"closed","ping_status":"closed","template":"","meta":{"_acf_changed":false,"footnotes":""},"class_list":["post-22","page","type-page","status-publish","hentry"],"acf":[],"yoast_head":"<!-- This site is optimized with the Yoast SEO plugin v27.2 - https:\/\/yoast.com\/product\/yoast-seo-wordpress\/ -->\n<title>Pol\u00edtica de privacidad - dMARZpro<\/title>\n<meta name=\"robots\" content=\"index, follow, max-snippet:-1, max-image-preview:large, max-video-preview:-1\" \/>\n<link rel=\"canonical\" href=\"https:\/\/dmarzpro.com\/ca\/politica-de-privacidad\/\" \/>\n<meta property=\"og:locale\" content=\"ca_ES\" \/>\n<meta property=\"og:type\" content=\"article\" \/>\n<meta property=\"og:title\" content=\"Pol\u00edtica de privacidad - dMARZpro\" \/>\n<meta property=\"og:description\" content=\"1.- INFORMACI\u00d3N AL USUARIO El sitio web informa a los usuarios del sitio web sobre su pol\u00edtica respecto al tratamiento y protecci\u00f3n de los datos de car\u00e1cter personal de los usuarios y clientes que puedan ser solicitados por la navegaci\u00f3n a trav\u00e9s de su sitio web. El sitio web es el Responsable del tratamiento de [&hellip;]\" \/>\n<meta property=\"og:url\" content=\"https:\/\/dmarzpro.com\/ca\/politica-de-privacidad\/\" \/>\n<meta property=\"og:site_name\" content=\"dMARZpro\" \/>\n<meta property=\"article:modified_time\" content=\"2025-05-19T11:29:09+00:00\" \/>\n<meta name=\"twitter:card\" content=\"summary_large_image\" \/>\n<meta name=\"twitter:label1\" content=\"Temps estimat de lectura\" \/>\n\t<meta name=\"twitter:data1\" content=\"3 minuts\" \/>\n<script type=\"application\/ld+json\" class=\"yoast-schema-graph\">{\"@context\":\"https:\/\/schema.org\",\"@graph\":[{\"@type\":\"WebPage\",\"@id\":\"https:\/\/dmarzpro.com\/politica-de-privacidad\/\",\"url\":\"https:\/\/dmarzpro.com\/politica-de-privacidad\/\",\"name\":\"Pol\u00edtica de privacidad - dMARZpro\",\"isPartOf\":{\"@id\":\"https:\/\/dmarzpro.com\/#website\"},\"datePublished\":\"2025-03-26T10:57:34+00:00\",\"dateModified\":\"2025-05-19T11:29:09+00:00\",\"breadcrumb\":{\"@id\":\"https:\/\/dmarzpro.com\/politica-de-privacidad\/#breadcrumb\"},\"inLanguage\":\"ca\",\"potentialAction\":[{\"@type\":\"ReadAction\",\"target\":[\"https:\/\/dmarzpro.com\/politica-de-privacidad\/\"]}]},{\"@type\":\"BreadcrumbList\",\"@id\":\"https:\/\/dmarzpro.com\/politica-de-privacidad\/#breadcrumb\",\"itemListElement\":[{\"@type\":\"ListItem\",\"position\":1,\"name\":\"Portada\",\"item\":\"https:\/\/dmarzpro.com\/\"},{\"@type\":\"ListItem\",\"position\":2,\"name\":\"Pol\u00edtica de privacidad\"}]},{\"@type\":\"WebSite\",\"@id\":\"https:\/\/dmarzpro.com\/#website\",\"url\":\"https:\/\/dmarzpro.com\/\",\"name\":\"David Marzabal\",\"description\":\"Hacemos construible tu proyecto\",\"publisher\":{\"@id\":\"https:\/\/dmarzpro.com\/#organization\"},\"potentialAction\":[{\"@type\":\"SearchAction\",\"target\":{\"@type\":\"EntryPoint\",\"urlTemplate\":\"https:\/\/dmarzpro.com\/?s={search_term_string}\"},\"query-input\":{\"@type\":\"PropertyValueSpecification\",\"valueRequired\":true,\"valueName\":\"search_term_string\"}}],\"inLanguage\":\"ca\"},{\"@type\":\"Organization\",\"@id\":\"https:\/\/dmarzpro.com\/#organization\",\"name\":\"David Marzabal\",\"url\":\"https:\/\/dmarzpro.com\/\",\"logo\":{\"@type\":\"ImageObject\",\"inLanguage\":\"ca\",\"@id\":\"https:\/\/dmarzpro.com\/#\/schema\/logo\/image\/\",\"url\":\"https:\/\/dmarzpro.com\/wp-content\/uploads\/2025\/03\/marzo.png\",\"contentUrl\":\"https:\/\/dmarzpro.com\/wp-content\/uploads\/2025\/03\/marzo.png\",\"width\":800,\"height\":266,\"caption\":\"David Marzabal\"},\"image\":{\"@id\":\"https:\/\/dmarzpro.com\/#\/schema\/logo\/image\/\"}}]}<\/script>\n<!-- \/ Yoast SEO plugin. -->","yoast_head_json":{"title":"Pol\u00edtica de privacidad - dMARZpro","robots":{"index":"index","follow":"follow","max-snippet":"max-snippet:-1","max-image-preview":"max-image-preview:large","max-video-preview":"max-video-preview:-1"},"canonical":"https:\/\/dmarzpro.com\/ca\/politica-de-privacidad\/","og_locale":"ca_ES","og_type":"article","og_title":"Pol\u00edtica de privacidad - dMARZpro","og_description":"1.- INFORMACI\u00d3N AL USUARIO El sitio web informa a los usuarios del sitio web sobre su pol\u00edtica respecto al tratamiento y protecci\u00f3n de los datos de car\u00e1cter personal de los usuarios y clientes que puedan ser solicitados por la navegaci\u00f3n a trav\u00e9s de su sitio web. El sitio web es el Responsable del tratamiento de [&hellip;]","og_url":"https:\/\/dmarzpro.com\/ca\/politica-de-privacidad\/","og_site_name":"dMARZpro","article_modified_time":"2025-05-19T11:29:09+00:00","twitter_card":"summary_large_image","twitter_misc":{"Temps estimat de lectura":"3 minuts"},"schema":{"@context":"https:\/\/schema.org","@graph":[{"@type":"WebPage","@id":"https:\/\/dmarzpro.com\/politica-de-privacidad\/","url":"https:\/\/dmarzpro.com\/politica-de-privacidad\/","name":"Pol\u00edtica de privacidad - dMARZpro","isPartOf":{"@id":"https:\/\/dmarzpro.com\/#website"},"datePublished":"2025-03-26T10:57:34+00:00","dateModified":"2025-05-19T11:29:09+00:00","breadcrumb":{"@id":"https:\/\/dmarzpro.com\/politica-de-privacidad\/#breadcrumb"},"inLanguage":"ca","potentialAction":[{"@type":"ReadAction","target":["https:\/\/dmarzpro.com\/politica-de-privacidad\/"]}]},{"@type":"BreadcrumbList","@id":"https:\/\/dmarzpro.com\/politica-de-privacidad\/#breadcrumb","itemListElement":[{"@type":"ListItem","position":1,"name":"Portada","item":"https:\/\/dmarzpro.com\/"},{"@type":"ListItem","position":2,"name":"Pol\u00edtica de privacidad"}]},{"@type":"WebSite","@id":"https:\/\/dmarzpro.com\/#website","url":"https:\/\/dmarzpro.com\/","name":"David Marzabal","description":"Fem constru\u00efble el teu projecte","publisher":{"@id":"https:\/\/dmarzpro.com\/#organization"},"potentialAction":[{"@type":"SearchAction","target":{"@type":"EntryPoint","urlTemplate":"https:\/\/dmarzpro.com\/?s={search_term_string}"},"query-input":{"@type":"PropertyValueSpecification","valueRequired":true,"valueName":"search_term_string"}}],"inLanguage":"ca"},{"@type":"Organization","@id":"https:\/\/dmarzpro.com\/#organization","name":"David Marzabal","url":"https:\/\/dmarzpro.com\/","logo":{"@type":"ImageObject","inLanguage":"ca","@id":"https:\/\/dmarzpro.com\/#\/schema\/logo\/image\/","url":"https:\/\/dmarzpro.com\/wp-content\/uploads\/2025\/03\/marzo.png","contentUrl":"https:\/\/dmarzpro.com\/wp-content\/uploads\/2025\/03\/marzo.png","width":800,"height":266,"caption":"David Marzabal"},"image":{"@id":"https:\/\/dmarzpro.com\/#\/schema\/logo\/image\/"}}]}},"_links":{"self":[{"href":"https:\/\/dmarzpro.com\/ca\/wp-json\/wp\/v2\/pages\/22","targetHints":{"allow":["GET"]}}],"collection":[{"href":"https:\/\/dmarzpro.com\/ca\/wp-json\/wp\/v2\/pages"}],"about":[{"href":"https:\/\/dmarzpro.com\/ca\/wp-json\/wp\/v2\/types\/page"}],"author":[{"embeddable":true,"href":"https:\/\/dmarzpro.com\/ca\/wp-json\/wp\/v2\/users\/1"}],"replies":[{"embeddable":true,"href":"https:\/\/dmarzpro.com\/ca\/wp-json\/wp\/v2\/comments?post=22"}],"version-history":[{"count":7,"href":"https:\/\/dmarzpro.com\/ca\/wp-json\/wp\/v2\/pages\/22\/revisions"}],"predecessor-version":[{"id":1441,"href":"https:\/\/dmarzpro.com\/ca\/wp-json\/wp\/v2\/pages\/22\/revisions\/1441"}],"wp:attachment":[{"href":"https:\/\/dmarzpro.com\/ca\/wp-json\/wp\/v2\/media?parent=22"}],"curies":[{"name":"wp","href":"https:\/\/api.w.org\/{rel}","templated":true}]}}