{"id":139,"date":"2025-03-31T08:17:27","date_gmt":"2025-03-31T08:17:27","guid":{"rendered":"https:\/\/dmarzpro.com\/mediacion\/"},"modified":"2025-03-31T08:17:55","modified_gmt":"2025-03-31T08:17:55","slug":"mediacion","status":"publish","type":"page","link":"https:\/\/dmarzpro.com\/ca\/mediacion\/","title":{"rendered":"Mediaci\u00f3"},"content":{"rendered":"<div data-elementor-type=\"wp-page\" data-elementor-id=\"139\" class=\"elementor elementor-139\" data-elementor-post-type=\"page\">\n\t\t\t\t<div class=\"elementor-element elementor-element-5c8e1fd e-flex e-con-boxed e-con e-parent\" data-id=\"5c8e1fd\" data-element_type=\"container\" data-e-type=\"container\" data-settings=\"{&quot;background_background&quot;:&quot;classic&quot;}\">\n\t\t\t\t\t<div class=\"e-con-inner\">\n\t\t\t\t<div class=\"elementor-element elementor-element-1ad99d76 animated-slow elementor-invisible elementor-widget elementor-widget-heading\" data-id=\"1ad99d76\" data-element_type=\"widget\" data-e-type=\"widget\" data-settings=\"{&quot;_animation&quot;:&quot;fadeInDown&quot;}\" data-widget_type=\"heading.default\">\n\t\t\t\t<div class=\"elementor-widget-container\">\n\t\t\t\t\t<h1 class=\"elementor-heading-title elementor-size-default\">Mediaci\u00f3<\/h1>\t\t\t\t<\/div>\n\t\t\t\t<\/div>\n\t\t\t\t\t<\/div>\n\t\t\t\t<\/div>\n\t\t<div class=\"elementor-element elementor-element-852715a e-flex e-con-boxed e-con e-parent\" data-id=\"852715a\" data-element_type=\"container\" data-e-type=\"container\" data-settings=\"{&quot;background_background&quot;:&quot;classic&quot;}\">\n\t\t\t\t\t<div class=\"e-con-inner\">\n\t\t<div class=\"elementor-element elementor-element-44df74d1 e-con-full e-flex elementor-invisible e-con e-child\" data-id=\"44df74d1\" data-element_type=\"container\" data-e-type=\"container\" data-settings=\"{&quot;animation&quot;:&quot;fadeInDown&quot;}\">\n\t\t<div class=\"elementor-element elementor-element-28b57572 e-con-full e-flex e-con e-child\" data-id=\"28b57572\" data-element_type=\"container\" data-e-type=\"container\">\n\t\t\t\t<div class=\"elementor-element elementor-element-579ecf2e animated-slow elementor-invisible elementor-widget elementor-widget-text-editor\" data-id=\"579ecf2e\" data-element_type=\"widget\" data-e-type=\"widget\" data-settings=\"{&quot;_animation&quot;:&quot;fadeInDown&quot;,&quot;_animation_delay&quot;:400}\" data-widget_type=\"text-editor.default\">\n\t\t\t\t<div class=\"elementor-widget-container\">\n\t\t\t\t\t\t\t\t\tLa mediaci\u00f3 \u00e9s un m\u00e8tode alternatiu de resoluci\u00f3 de conflictes en el qual un tercer neutral i imparcial, anomenat mediador, facilita la comunicaci\u00f3 entre les parts involucrades perqu\u00e8, de manera volunt\u00e0ria i confidencial, puguin assolir un acord satisfactori per a ambdues parts. Aquest proc\u00e9s es caracteritza per la flexibilitat, rapidesa i per fomentar solucions consensuades, evitant aix\u00ed la necessitat d&#039;acudir a procediments judicials prolongats i costosos.\t\t\t\t\t\t\t\t<\/div>\n\t\t\t\t<\/div>\n\t\t\t\t<\/div>\n\t\t\t\t<\/div>\n\t\t\t\t\t<\/div>\n\t\t\t\t<\/div>\n\t\t<div class=\"elementor-element elementor-element-3f58883a e-flex e-con-boxed e-con e-parent\" data-id=\"3f58883a\" data-element_type=\"container\" data-e-type=\"container\" data-settings=\"{&quot;background_background&quot;:&quot;classic&quot;}\">\n\t\t\t\t\t<div class=\"e-con-inner\">\n\t\t<div class=\"elementor-element elementor-element-5628f553 e-flex e-con-boxed elementor-invisible e-con e-child\" data-id=\"5628f553\" data-element_type=\"container\" data-e-type=\"container\" data-settings=\"{&quot;animation&quot;:&quot;fadeInDown&quot;}\">\n\t\t\t\t\t<div class=\"e-con-inner\">\n\t\t\t\t<div class=\"elementor-element elementor-element-17833979 animated-slow elementor-invisible elementor-widget elementor-widget-heading\" data-id=\"17833979\" data-element_type=\"widget\" data-e-type=\"widget\" data-settings=\"{&quot;_animation&quot;:&quot;fadeInDown&quot;}\" data-widget_type=\"heading.default\">\n\t\t\t\t<div class=\"elementor-widget-container\">\n\t\t\t\t\t<h2 class=\"elementor-heading-title elementor-size-default\">Serveis espec\u00edfics oferts<\/h2>\t\t\t\t<\/div>\n\t\t\t\t<\/div>\n\t\t\t\t\t<\/div>\n\t\t\t\t<\/div>\n\t\t<div class=\"elementor-element elementor-element-23f45962 e-grid e-con-full e-con e-child\" data-id=\"23f45962\" data-element_type=\"container\" data-e-type=\"container\">\n\t\t\t\t<div class=\"elementor-element elementor-element-28dc7e71 elementor-view-framed elementor-tablet-position-block-start elementor-shape-square elementor-position-block-start elementor-mobile-position-block-start elementor-widget elementor-widget-icon-box\" data-id=\"28dc7e71\" data-element_type=\"widget\" data-e-type=\"widget\" data-widget_type=\"icon-box.default\">\n\t\t\t\t<div class=\"elementor-widget-container\">\n\t\t\t\t\t\t\t<div class=\"elementor-icon-box-wrapper\">\n\n\t\t\t\t\t\t<div class=\"elementor-icon-box-icon\">\n\t\t\t\t<span  class=\"elementor-icon\">\n\t\t\t\t<i aria-hidden=\"true\" class=\"icon icon-users2\"><\/i>\t\t\t\t<\/span>\n\t\t\t<\/div>\n\t\t\t\n\t\t\t\t\t\t<div class=\"elementor-icon-box-content\">\n\n\t\t\t\t\t\t\t\t\t<div class=\"elementor-icon-box-title\">\n\t\t\t\t\t\t<span  >\n\t\t\t\t\t\t\tMediaci\u00f3 Familiar\t\t\t\t\t\t<\/span>\n\t\t\t\t\t<\/div>\n\t\t\t\t\n\t\t\t\t\t\t\t\t\t<p class=\"elementor-icon-box-description\">\n\t\t\t\t\t\tAssist\u00e8ncia en conflictes relacionats amb separacions, divorcis, cust\u00f2dies, r\u00e8gim de visites, pensions aliment\u00e0ries i altres q\u00fcestions familiars, promovent acords que benefici\u00efn tots els membres de la fam\u00edlia, especialment els menors\t\t\t\t\t<\/p>\n\t\t\t\t\n\t\t\t<\/div>\n\t\t\t\n\t\t<\/div>\n\t\t\t\t\t\t<\/div>\n\t\t\t\t<\/div>\n\t\t\t\t<div class=\"elementor-element elementor-element-25017da2 elementor-view-framed elementor-tablet-position-block-start elementor-shape-square elementor-position-block-start elementor-mobile-position-block-start elementor-widget elementor-widget-icon-box\" data-id=\"25017da2\" data-element_type=\"widget\" data-e-type=\"widget\" data-widget_type=\"icon-box.default\">\n\t\t\t\t<div class=\"elementor-widget-container\">\n\t\t\t\t\t\t\t<div class=\"elementor-icon-box-wrapper\">\n\n\t\t\t\t\t\t<div class=\"elementor-icon-box-icon\">\n\t\t\t\t<span  class=\"elementor-icon\">\n\t\t\t\t<i aria-hidden=\"true\" class=\"icon icon-Document-Search\"><\/i>\t\t\t\t<\/span>\n\t\t\t<\/div>\n\t\t\t\n\t\t\t\t\t\t<div class=\"elementor-icon-box-content\">\n\n\t\t\t\t\t\t\t\t\t<div class=\"elementor-icon-box-title\">\n\t\t\t\t\t\t<span  >\n\t\t\t\t\t\t\tMediaci\u00f3 Civil i Mercantil\t\t\t\t\t\t<\/span>\n\t\t\t\t\t<\/div>\n\t\t\t\t\n\t\t\t\t\t\t\t\t\t<p class=\"elementor-icon-box-description\">\n\t\t\t\t\t\tIntervenci\u00f3 en disputes entre particulars o empreses, com ara conflictes contractuals, reclamacions de deutes, problemes entre socis o qualsevol altra controv\u00e8rsia derivada de relacions civils o comercials\t\t\t\t\t<\/p>\n\t\t\t\t\n\t\t\t<\/div>\n\t\t\t\n\t\t<\/div>\n\t\t\t\t\t\t<\/div>\n\t\t\t\t<\/div>\n\t\t\t\t<div class=\"elementor-element elementor-element-4e82f743 elementor-view-framed elementor-tablet-position-block-start elementor-shape-square elementor-position-block-start elementor-mobile-position-block-start elementor-widget elementor-widget-icon-box\" data-id=\"4e82f743\" data-element_type=\"widget\" data-e-type=\"widget\" data-widget_type=\"icon-box.default\">\n\t\t\t\t<div class=\"elementor-widget-container\">\n\t\t\t\t\t\t\t<div class=\"elementor-icon-box-wrapper\">\n\n\t\t\t\t\t\t<div class=\"elementor-icon-box-icon\">\n\t\t\t\t<span  class=\"elementor-icon\">\n\t\t\t\t<i aria-hidden=\"true\" class=\"icon icon-briefcase\"><\/i>\t\t\t\t<\/span>\n\t\t\t<\/div>\n\t\t\t\n\t\t\t\t\t\t<div class=\"elementor-icon-box-content\">\n\n\t\t\t\t\t\t\t\t\t<div class=\"elementor-icon-box-title\">\n\t\t\t\t\t\t<span  >\n\t\t\t\t\t\t\tMediaci\u00f3 Laboral\t\t\t\t\t\t<\/span>\n\t\t\t\t\t<\/div>\n\t\t\t\t\n\t\t\t\t\t\t\t\t\t<p class=\"elementor-icon-box-description\">\n\t\t\t\t\t\tFacilitaci\u00f3 d&#039;acords en conflictes laborals, ja sigui entre empleats i ocupadors o entre companys de treball, abordant temes com acomiadaments, reclamacions salarials, assetjament laboral i condicions de treball\t\t\t\t\t<\/p>\n\t\t\t\t\n\t\t\t<\/div>\n\t\t\t\n\t\t<\/div>\n\t\t\t\t\t\t<\/div>\n\t\t\t\t<\/div>\n\t\t\t\t<div class=\"elementor-element elementor-element-1b7dd1a9 elementor-view-framed elementor-tablet-position-block-start elementor-shape-square elementor-position-block-start elementor-mobile-position-block-start elementor-widget elementor-widget-icon-box\" data-id=\"1b7dd1a9\" data-element_type=\"widget\" data-e-type=\"widget\" data-widget_type=\"icon-box.default\">\n\t\t\t\t<div class=\"elementor-widget-container\">\n\t\t\t\t\t\t\t<div class=\"elementor-icon-box-wrapper\">\n\n\t\t\t\t\t\t<div class=\"elementor-icon-box-icon\">\n\t\t\t\t<span  class=\"elementor-icon\">\n\t\t\t\t<i aria-hidden=\"true\" class=\"icon icon-team1\"><\/i>\t\t\t\t<\/span>\n\t\t\t<\/div>\n\t\t\t\n\t\t\t\t\t\t<div class=\"elementor-icon-box-content\">\n\n\t\t\t\t\t\t\t\t\t<div class=\"elementor-icon-box-title\">\n\t\t\t\t\t\t<span  >\n\t\t\t\t\t\t\tMediaci\u00f3 Comunit\u00e0ria\t\t\t\t\t\t<\/span>\n\t\t\t\t\t<\/div>\n\t\t\t\t\n\t\t\t\t\t\t\t\t\t<p class=\"elementor-icon-box-description\">\n\t\t\t\t\t\tResoluci\u00f3 de disputes a l&#039;\u00e0mbit ve\u00efnal o comunitari, com desacords entre ve\u00efns, problemes de conviv\u00e8ncia, sorolls, \u00fas d&#039;espais comuns, entre d&#039;altres, fomentant l&#039;harmonia i la cohesi\u00f3 social\t\t\t\t\t<\/p>\n\t\t\t\t\n\t\t\t<\/div>\n\t\t\t\n\t\t<\/div>\n\t\t\t\t\t\t<\/div>\n\t\t\t\t<\/div>\n\t\t\t\t<div class=\"elementor-element elementor-element-10df7bd5 elementor-view-framed elementor-tablet-position-block-start elementor-shape-square elementor-position-block-start elementor-mobile-position-block-start elementor-widget elementor-widget-icon-box\" data-id=\"10df7bd5\" data-element_type=\"widget\" data-e-type=\"widget\" data-widget_type=\"icon-box.default\">\n\t\t\t\t<div class=\"elementor-widget-container\">\n\t\t\t\t\t\t\t<div class=\"elementor-icon-box-wrapper\">\n\n\t\t\t\t\t\t<div class=\"elementor-icon-box-icon\">\n\t\t\t\t<span  class=\"elementor-icon\">\n\t\t\t\t<i aria-hidden=\"true\" class=\"icon icon-school\"><\/i>\t\t\t\t<\/span>\n\t\t\t<\/div>\n\t\t\t\n\t\t\t\t\t\t<div class=\"elementor-icon-box-content\">\n\n\t\t\t\t\t\t\t\t\t<div class=\"elementor-icon-box-title\">\n\t\t\t\t\t\t<span  >\n\t\t\t\t\t\t\tMediaci\u00f3 Escolar\t\t\t\t\t\t<\/span>\n\t\t\t\t\t<\/div>\n\t\t\t\t\n\t\t\t\t\t\t\t\t\t<p class=\"elementor-icon-box-description\">\n\t\t\t\t\t\tGesti\u00f3 de conflictes en entorns educatius, incloent disputes entre estudiants, entre docents i estudiants, o entre pares i la instituci\u00f3 educativa, promovent un ambient escolar pac\u00edfic i col\u00b7laboratiu\t\t\t\t\t<\/p>\n\t\t\t\t\n\t\t\t<\/div>\n\t\t\t\n\t\t<\/div>\n\t\t\t\t\t\t<\/div>\n\t\t\t\t<\/div>\n\t\t\t\t<\/div>\n\t\t\t\t\t<\/div>\n\t\t\t\t<\/div>\n\t\t<div class=\"elementor-element elementor-element-6af05955 e-flex e-con-boxed e-con e-parent\" data-id=\"6af05955\" data-element_type=\"container\" data-e-type=\"container\" data-settings=\"{&quot;background_background&quot;:&quot;classic&quot;}\">\n\t\t\t\t\t<div class=\"e-con-inner\">\n\t\t<div class=\"elementor-element elementor-element-6742858b e-con-full e-flex elementor-invisible e-con e-child\" data-id=\"6742858b\" data-element_type=\"container\" data-e-type=\"container\" data-settings=\"{&quot;animation&quot;:&quot;fadeInDown&quot;}\">\n\t\t<div class=\"elementor-element elementor-element-2273bb66 e-con-full e-flex e-con e-child\" data-id=\"2273bb66\" data-element_type=\"container\" data-e-type=\"container\">\n\t\t\t\t<div class=\"elementor-element elementor-element-b0a48bd animated-slow elementor-invisible elementor-widget elementor-widget-text-editor\" data-id=\"b0a48bd\" data-element_type=\"widget\" data-e-type=\"widget\" data-settings=\"{&quot;_animation&quot;:&quot;fadeInDown&quot;,&quot;_animation_delay&quot;:400}\" data-widget_type=\"text-editor.default\">\n\t\t\t\t<div class=\"elementor-widget-container\">\n\t\t\t\t\t\t\t\t\t<p>El nostre despatx a Badajoz compta amb professionals capacitats de mediaci\u00f3, compromesos en oferir un espai segur i neutral on les parts puguin expressar les seves inquietuds i treballar conjuntament cap a solucions m\u00fatuament beneficioses. Fomentem la mediaci\u00f3 com una eina efica\u00e7 per a la resoluci\u00f3 de conflictes, alineada amb els principis de just\u00edcia col\u00b7laborativa i efici\u00e8ncia en la gesti\u00f3 de disputes.<\/p>\t\t\t\t\t\t\t\t<\/div>\n\t\t\t\t<\/div>\n\t\t\t\t<div class=\"elementor-element elementor-element-709cf3a2 animated-slow elementor-invisible elementor-widget elementor-widget-text-editor\" data-id=\"709cf3a2\" data-element_type=\"widget\" data-e-type=\"widget\" data-settings=\"{&quot;_animation&quot;:&quot;fadeInDown&quot;,&quot;_animation_delay&quot;:400}\" data-widget_type=\"text-editor.default\">\n\t\t\t\t<div class=\"elementor-widget-container\">\n\t\t\t\t\t\t\t\t\t<p>Si desitges m\u00e9s informaci\u00f3 o necessites assist\u00e8ncia en un proc\u00e9s de mediaci\u00f3, no dubtis en contactar-nos.<\/p>\t\t\t\t\t\t\t\t<\/div>\n\t\t\t\t<\/div>\n\t\t\t\t<\/div>\n\t\t\t\t<\/div>\n\t\t\t\t\t<\/div>\n\t\t\t\t<\/div>\n\t\t\t\t<\/div>","protected":false},"excerpt":{"rendered":"<p>La mediaci\u00f3n es un m\u00e9todo alternativo de resoluci\u00f3n de conflictos en el cual un tercero neutral e imparcial, denominado mediador, facilita la comunicaci\u00f3n entre las partes involucradas para que, de manera voluntaria y confidencial, puedan alcanzar un acuerdo satisfactorio para ambas partes. Este proceso se caracteriza por su flexibilidad, rapidez y por fomentar soluciones consensuadas, [&hellip;]<\/p>\n","protected":false},"author":2,"featured_media":0,"parent":0,"menu_order":0,"comment_status":"closed","ping_status":"closed","template":"","meta":{"_acf_changed":false,"footnotes":""},"class_list":["post-139","page","type-page","status-publish","hentry"],"acf":[],"yoast_head":"<!-- This site is optimized with the Yoast SEO plugin v27.2 - https:\/\/yoast.com\/product\/yoast-seo-wordpress\/ -->\n<title>Mediaci\u00f3n - dMARZpro<\/title>\n<meta name=\"robots\" content=\"index, follow, max-snippet:-1, max-image-preview:large, max-video-preview:-1\" \/>\n<link rel=\"canonical\" href=\"https:\/\/dmarzpro.com\/ca\/mediacion\/\" \/>\n<meta property=\"og:locale\" content=\"ca_ES\" \/>\n<meta property=\"og:type\" content=\"article\" \/>\n<meta property=\"og:title\" content=\"Mediaci\u00f3n - dMARZpro\" \/>\n<meta property=\"og:description\" content=\"La mediaci\u00f3n es un m\u00e9todo alternativo de resoluci\u00f3n de conflictos en el cual un tercero neutral e imparcial, denominado mediador, facilita la comunicaci\u00f3n entre las partes involucradas para que, de manera voluntaria y confidencial, puedan alcanzar un acuerdo satisfactorio para ambas partes. Este proceso se caracteriza por su flexibilidad, rapidez y por fomentar soluciones consensuadas, [&hellip;]\" \/>\n<meta property=\"og:url\" content=\"https:\/\/dmarzpro.com\/ca\/mediacion\/\" \/>\n<meta property=\"og:site_name\" content=\"dMARZpro\" \/>\n<meta property=\"article:modified_time\" content=\"2025-03-31T08:17:55+00:00\" \/>\n<meta name=\"twitter:card\" content=\"summary_large_image\" \/>\n<meta name=\"twitter:label1\" content=\"Temps estimat de lectura\" \/>\n\t<meta name=\"twitter:data1\" content=\"2 minuts\" \/>\n<script type=\"application\/ld+json\" class=\"yoast-schema-graph\">{\"@context\":\"https:\/\/schema.org\",\"@graph\":[{\"@type\":\"WebPage\",\"@id\":\"https:\/\/dmarzpro.com\/mediacion\/\",\"url\":\"https:\/\/dmarzpro.com\/mediacion\/\",\"name\":\"Mediaci\u00f3n - dMARZpro\",\"isPartOf\":{\"@id\":\"https:\/\/dmarzpro.com\/#website\"},\"datePublished\":\"2025-03-31T08:17:27+00:00\",\"dateModified\":\"2025-03-31T08:17:55+00:00\",\"breadcrumb\":{\"@id\":\"https:\/\/dmarzpro.com\/mediacion\/#breadcrumb\"},\"inLanguage\":\"ca\",\"potentialAction\":[{\"@type\":\"ReadAction\",\"target\":[\"https:\/\/dmarzpro.com\/mediacion\/\"]}]},{\"@type\":\"BreadcrumbList\",\"@id\":\"https:\/\/dmarzpro.com\/mediacion\/#breadcrumb\",\"itemListElement\":[{\"@type\":\"ListItem\",\"position\":1,\"name\":\"Portada\",\"item\":\"https:\/\/dmarzpro.com\/\"},{\"@type\":\"ListItem\",\"position\":2,\"name\":\"Mediaci\u00f3n\"}]},{\"@type\":\"WebSite\",\"@id\":\"https:\/\/dmarzpro.com\/#website\",\"url\":\"https:\/\/dmarzpro.com\/\",\"name\":\"David Marzabal\",\"description\":\"Hacemos construible tu proyecto\",\"publisher\":{\"@id\":\"https:\/\/dmarzpro.com\/#organization\"},\"potentialAction\":[{\"@type\":\"SearchAction\",\"target\":{\"@type\":\"EntryPoint\",\"urlTemplate\":\"https:\/\/dmarzpro.com\/?s={search_term_string}\"},\"query-input\":{\"@type\":\"PropertyValueSpecification\",\"valueRequired\":true,\"valueName\":\"search_term_string\"}}],\"inLanguage\":\"ca\"},{\"@type\":\"Organization\",\"@id\":\"https:\/\/dmarzpro.com\/#organization\",\"name\":\"David Marzabal\",\"url\":\"https:\/\/dmarzpro.com\/\",\"logo\":{\"@type\":\"ImageObject\",\"inLanguage\":\"ca\",\"@id\":\"https:\/\/dmarzpro.com\/#\/schema\/logo\/image\/\",\"url\":\"https:\/\/dmarzpro.com\/wp-content\/uploads\/2025\/03\/marzo.png\",\"contentUrl\":\"https:\/\/dmarzpro.com\/wp-content\/uploads\/2025\/03\/marzo.png\",\"width\":800,\"height\":266,\"caption\":\"David Marzabal\"},\"image\":{\"@id\":\"https:\/\/dmarzpro.com\/#\/schema\/logo\/image\/\"}}]}<\/script>\n<!-- \/ Yoast SEO plugin. -->","yoast_head_json":{"title":"Mediaci\u00f3n - dMARZpro","robots":{"index":"index","follow":"follow","max-snippet":"max-snippet:-1","max-image-preview":"max-image-preview:large","max-video-preview":"max-video-preview:-1"},"canonical":"https:\/\/dmarzpro.com\/ca\/mediacion\/","og_locale":"ca_ES","og_type":"article","og_title":"Mediaci\u00f3n - dMARZpro","og_description":"La mediaci\u00f3n es un m\u00e9todo alternativo de resoluci\u00f3n de conflictos en el cual un tercero neutral e imparcial, denominado mediador, facilita la comunicaci\u00f3n entre las partes involucradas para que, de manera voluntaria y confidencial, puedan alcanzar un acuerdo satisfactorio para ambas partes. Este proceso se caracteriza por su flexibilidad, rapidez y por fomentar soluciones consensuadas, [&hellip;]","og_url":"https:\/\/dmarzpro.com\/ca\/mediacion\/","og_site_name":"dMARZpro","article_modified_time":"2025-03-31T08:17:55+00:00","twitter_card":"summary_large_image","twitter_misc":{"Temps estimat de lectura":"2 minuts"},"schema":{"@context":"https:\/\/schema.org","@graph":[{"@type":"WebPage","@id":"https:\/\/dmarzpro.com\/mediacion\/","url":"https:\/\/dmarzpro.com\/mediacion\/","name":"Mediaci\u00f3n - dMARZpro","isPartOf":{"@id":"https:\/\/dmarzpro.com\/#website"},"datePublished":"2025-03-31T08:17:27+00:00","dateModified":"2025-03-31T08:17:55+00:00","breadcrumb":{"@id":"https:\/\/dmarzpro.com\/mediacion\/#breadcrumb"},"inLanguage":"ca","potentialAction":[{"@type":"ReadAction","target":["https:\/\/dmarzpro.com\/mediacion\/"]}]},{"@type":"BreadcrumbList","@id":"https:\/\/dmarzpro.com\/mediacion\/#breadcrumb","itemListElement":[{"@type":"ListItem","position":1,"name":"Portada","item":"https:\/\/dmarzpro.com\/"},{"@type":"ListItem","position":2,"name":"Mediaci\u00f3n"}]},{"@type":"WebSite","@id":"https:\/\/dmarzpro.com\/#website","url":"https:\/\/dmarzpro.com\/","name":"David Marzabal","description":"Fem constru\u00efble el teu projecte","publisher":{"@id":"https:\/\/dmarzpro.com\/#organization"},"potentialAction":[{"@type":"SearchAction","target":{"@type":"EntryPoint","urlTemplate":"https:\/\/dmarzpro.com\/?s={search_term_string}"},"query-input":{"@type":"PropertyValueSpecification","valueRequired":true,"valueName":"search_term_string"}}],"inLanguage":"ca"},{"@type":"Organization","@id":"https:\/\/dmarzpro.com\/#organization","name":"David Marzabal","url":"https:\/\/dmarzpro.com\/","logo":{"@type":"ImageObject","inLanguage":"ca","@id":"https:\/\/dmarzpro.com\/#\/schema\/logo\/image\/","url":"https:\/\/dmarzpro.com\/wp-content\/uploads\/2025\/03\/marzo.png","contentUrl":"https:\/\/dmarzpro.com\/wp-content\/uploads\/2025\/03\/marzo.png","width":800,"height":266,"caption":"David Marzabal"},"image":{"@id":"https:\/\/dmarzpro.com\/#\/schema\/logo\/image\/"}}]}},"_links":{"self":[{"href":"https:\/\/dmarzpro.com\/ca\/wp-json\/wp\/v2\/pages\/139","targetHints":{"allow":["GET"]}}],"collection":[{"href":"https:\/\/dmarzpro.com\/ca\/wp-json\/wp\/v2\/pages"}],"about":[{"href":"https:\/\/dmarzpro.com\/ca\/wp-json\/wp\/v2\/types\/page"}],"author":[{"embeddable":true,"href":"https:\/\/dmarzpro.com\/ca\/wp-json\/wp\/v2\/users\/2"}],"replies":[{"embeddable":true,"href":"https:\/\/dmarzpro.com\/ca\/wp-json\/wp\/v2\/comments?post=139"}],"version-history":[{"count":4,"href":"https:\/\/dmarzpro.com\/ca\/wp-json\/wp\/v2\/pages\/139\/revisions"}],"predecessor-version":[{"id":267,"href":"https:\/\/dmarzpro.com\/ca\/wp-json\/wp\/v2\/pages\/139\/revisions\/267"}],"wp:attachment":[{"href":"https:\/\/dmarzpro.com\/ca\/wp-json\/wp\/v2\/media?parent=139"}],"curies":[{"name":"wp","href":"https:\/\/api.w.org\/{rel}","templated":true}]}}